{"id":928,"date":"2023-08-29T07:19:28","date_gmt":"2023-08-29T05:19:28","guid":{"rendered":"https:\/\/zlobek3plock.pl\/?page_id=928"},"modified":"2025-08-27T07:14:21","modified_gmt":"2025-08-27T05:14:21","slug":"plan-dnia-2","status":"publish","type":"page","link":"https:\/\/zlobek3plock.pl\/?page_id=928","title":{"rendered":"Plan dnia"},"content":{"rendered":"\n<p><\/p>\n\n\n<p>06:00 &#8211; 08:15 &#8211; przyjmowanie dzieci, indywidualne zaj\u0119cia z dzie\u0107mi<\/p>\n<p>08:15 &#8211; 08:30 &#8211; zabiegi higieniczne i przygotowanie do \u015bniadania<\/p>\n<p>08:30 &#8211; 09:00 &#8211; I \u015bniadanie<\/p>\n<p>09:00 &#8211; 09:20 &#8211; zabiegi piel\u0119gnacyjne po \u015bniadaniu<\/p>\n<p>09:20 &#8211; 09:50 &#8211; zaj\u0119cia ruchowe\/muzyczne\/taneczne\/w ogr\u00f3dku<\/p>\n<p>09:50 &#8211; 10:00 &#8211; zabiegi higieniczne i przygotowanie do II \u015bniadania<\/p>\n<p>10:00 &#8211; 10:15 &#8211; II \u015bniadanie<\/p>\n<p>10:15 &#8211; 10:25 &#8211; zabiegi piel\u0119gnacyjne po II \u015bniadaniu<\/p>\n<p>10:25 &#8211; 11:10 &#8211; zaj\u0119cia tematyczne (edukacyjne)<\/p>\n<p>11:10 &#8211; 11:30 &#8211; zabiegi piel\u0119gnacyjne przed obiadem i przygotowanie do obiadu<\/p>\n<p>11:30 &#8211; 12:00 &#8211; obiad<\/p>\n<p>12:00 &#8211; 12:10 &#8211; zabiegi higieniczne po obiedzie, przygotowanie do snu<\/p>\n<p>12:10 &#8211; 13:50 &#8211; le\u017cakowanie<\/p>\n<p>13:50 &#8211; 14:00 &#8211; zabiegi higieniczne po le\u017cakowaniu i przygotowanie do podwieczorku<\/p>\n<p>14:00 &#8211; 14:20 &#8211; podwieczorek<\/p>\n<p>14:20 &#8211; 14:30 &#8211; zabiegi higieniczne po podwieczorku<\/p>\n<p>14:30 &#8211; 17:00 &#8211; zaj\u0119cia dowolne i odbi\u00f3r dzieci (tak\u017ce wg indywidualnych potrzeb w innym czasie)<\/p>\n\n\n<p><\/p>\n","protected":false},"excerpt":{"rendered":"<p>06:00 &#8211; 08:15 &#8211; przyjmowanie dzieci, indywidualne zaj\u0119cia z dzie\u0107mi 08:15 &#8211; 08:30 &#8211; zabiegi higieniczne i przygotowanie do \u015bniadania 08:30 &#8211; 09:00 &#8211; I \u015bniadanie 09:00 &#8211; 09:20 &#8211; zabiegi piel\u0119gnacyjne po \u015bniadaniu 09:20 &#8211; 09:50 &#8211; zaj\u0119cia ruchowe\/muzyczne\/taneczne\/w ogr\u00f3dku 09:50 &#8211; 10:00 &#8211; zabiegi higieniczne i przygotowanie do II \u015bniadania 10:00 &#8211; 10:15&hellip; <a class=\"continue\" href=\"https:\/\/zlobek3plock.pl\/?page_id=928\">Continue Reading<span> Plan dnia<\/span><\/a><\/p>\n","protected":false},"author":1,"featured_media":0,"parent":0,"menu_order":0,"comment_status":"closed","ping_status":"closed","template":"","meta":{"footnotes":""},"class_list":["post-928","page","type-page","status-publish","hentry"],"yoast_head":"<!-- This site is optimized with the Yoast SEO plugin v24.9 - https:\/\/yoast.com\/wordpress\/plugins\/seo\/ -->\n<title>Plan dnia - \u017b\u0142obek Miejski nr 3 w P\u0142ocku<\/title>\n<meta name=\"robots\" content=\"index, follow, max-snippet:-1, max-image-preview:large, max-video-preview:-1\" \/>\n<link rel=\"canonical\" href=\"https:\/\/zlobek3plock.pl\/?page_id=928\" \/>\n<meta property=\"og:locale\" content=\"en_US\" \/>\n<meta property=\"og:type\" content=\"article\" \/>\n<meta property=\"og:title\" content=\"Plan dnia - \u017b\u0142obek Miejski nr 3 w P\u0142ocku\" \/>\n<meta property=\"og:description\" content=\"06:00 &#8211; 08:15 &#8211; przyjmowanie dzieci, indywidualne zaj\u0119cia z dzie\u0107mi 08:15 &#8211; 08:30 &#8211; zabiegi higieniczne i przygotowanie do \u015bniadania 08:30 &#8211; 09:00 &#8211; I \u015bniadanie 09:00 &#8211; 09:20 &#8211; zabiegi piel\u0119gnacyjne po \u015bniadaniu 09:20 &#8211; 09:50 &#8211; zaj\u0119cia ruchowe\/muzyczne\/taneczne\/w ogr\u00f3dku 09:50 &#8211; 10:00 &#8211; zabiegi higieniczne i przygotowanie do II \u015bniadania 10:00 &#8211; 10:15&hellip; Continue Reading Plan dnia\" \/>\n<meta property=\"og:url\" content=\"https:\/\/zlobek3plock.pl\/?page_id=928\" \/>\n<meta property=\"og:site_name\" content=\"\u017b\u0142obek Miejski nr 3 w P\u0142ocku\" \/>\n<meta property=\"article:modified_time\" content=\"2025-08-27T05:14:21+00:00\" \/>\n<meta name=\"twitter:card\" content=\"summary_large_image\" \/>\n<meta name=\"twitter:label1\" content=\"Est. reading time\" \/>\n\t<meta name=\"twitter:data1\" content=\"1 minute\" \/>\n<script type=\"application\/ld+json\" class=\"yoast-schema-graph\">{\"@context\":\"https:\/\/schema.org\",\"@graph\":[{\"@type\":\"WebPage\",\"@id\":\"https:\/\/zlobek3plock.pl\/?page_id=928\",\"url\":\"https:\/\/zlobek3plock.pl\/?page_id=928\",\"name\":\"Plan dnia - \u017b\u0142obek Miejski nr 3 w P\u0142ocku\",\"isPartOf\":{\"@id\":\"https:\/\/zlobek3plock.pl\/#website\"},\"datePublished\":\"2023-08-29T05:19:28+00:00\",\"dateModified\":\"2025-08-27T05:14:21+00:00\",\"breadcrumb\":{\"@id\":\"https:\/\/zlobek3plock.pl\/?page_id=928#breadcrumb\"},\"inLanguage\":\"en-US\",\"potentialAction\":[{\"@type\":\"ReadAction\",\"target\":[\"https:\/\/zlobek3plock.pl\/?page_id=928\"]}]},{\"@type\":\"BreadcrumbList\",\"@id\":\"https:\/\/zlobek3plock.pl\/?page_id=928#breadcrumb\",\"itemListElement\":[{\"@type\":\"ListItem\",\"position\":1,\"name\":\"Home\",\"item\":\"https:\/\/zlobek3plock.pl\/\"},{\"@type\":\"ListItem\",\"position\":2,\"name\":\"Plan dnia\"}]},{\"@type\":\"WebSite\",\"@id\":\"https:\/\/zlobek3plock.pl\/#website\",\"url\":\"https:\/\/zlobek3plock.pl\/\",\"name\":\"\u017b\u0142obek Miejski nr 3 w P\u0142ocku\",\"description\":\"\",\"potentialAction\":[{\"@type\":\"SearchAction\",\"target\":{\"@type\":\"EntryPoint\",\"urlTemplate\":\"https:\/\/zlobek3plock.pl\/?s={search_term_string}\"},\"query-input\":{\"@type\":\"PropertyValueSpecification\",\"valueRequired\":true,\"valueName\":\"search_term_string\"}}],\"inLanguage\":\"en-US\"}]}<\/script>\n<!-- \/ Yoast SEO plugin. -->","yoast_head_json":{"title":"Plan dnia - \u017b\u0142obek Miejski nr 3 w P\u0142ocku","robots":{"index":"index","follow":"follow","max-snippet":"max-snippet:-1","max-image-preview":"max-image-preview:large","max-video-preview":"max-video-preview:-1"},"canonical":"https:\/\/zlobek3plock.pl\/?page_id=928","og_locale":"en_US","og_type":"article","og_title":"Plan dnia - \u017b\u0142obek Miejski nr 3 w P\u0142ocku","og_description":"06:00 &#8211; 08:15 &#8211; przyjmowanie dzieci, indywidualne zaj\u0119cia z dzie\u0107mi 08:15 &#8211; 08:30 &#8211; zabiegi higieniczne i przygotowanie do \u015bniadania 08:30 &#8211; 09:00 &#8211; I \u015bniadanie 09:00 &#8211; 09:20 &#8211; zabiegi piel\u0119gnacyjne po \u015bniadaniu 09:20 &#8211; 09:50 &#8211; zaj\u0119cia ruchowe\/muzyczne\/taneczne\/w ogr\u00f3dku 09:50 &#8211; 10:00 &#8211; zabiegi higieniczne i przygotowanie do II \u015bniadania 10:00 &#8211; 10:15&hellip; Continue Reading Plan dnia","og_url":"https:\/\/zlobek3plock.pl\/?page_id=928","og_site_name":"\u017b\u0142obek Miejski nr 3 w P\u0142ocku","article_modified_time":"2025-08-27T05:14:21+00:00","twitter_card":"summary_large_image","twitter_misc":{"Est. reading time":"1 minute"},"schema":{"@context":"https:\/\/schema.org","@graph":[{"@type":"WebPage","@id":"https:\/\/zlobek3plock.pl\/?page_id=928","url":"https:\/\/zlobek3plock.pl\/?page_id=928","name":"Plan dnia - \u017b\u0142obek Miejski nr 3 w P\u0142ocku","isPartOf":{"@id":"https:\/\/zlobek3plock.pl\/#website"},"datePublished":"2023-08-29T05:19:28+00:00","dateModified":"2025-08-27T05:14:21+00:00","breadcrumb":{"@id":"https:\/\/zlobek3plock.pl\/?page_id=928#breadcrumb"},"inLanguage":"en-US","potentialAction":[{"@type":"ReadAction","target":["https:\/\/zlobek3plock.pl\/?page_id=928"]}]},{"@type":"BreadcrumbList","@id":"https:\/\/zlobek3plock.pl\/?page_id=928#breadcrumb","itemListElement":[{"@type":"ListItem","position":1,"name":"Home","item":"https:\/\/zlobek3plock.pl\/"},{"@type":"ListItem","position":2,"name":"Plan dnia"}]},{"@type":"WebSite","@id":"https:\/\/zlobek3plock.pl\/#website","url":"https:\/\/zlobek3plock.pl\/","name":"\u017b\u0142obek Miejski nr 3 w P\u0142ocku","description":"","potentialAction":[{"@type":"SearchAction","target":{"@type":"EntryPoint","urlTemplate":"https:\/\/zlobek3plock.pl\/?s={search_term_string}"},"query-input":{"@type":"PropertyValueSpecification","valueRequired":true,"valueName":"search_term_string"}}],"inLanguage":"en-US"}]}},"_links":{"self":[{"href":"https:\/\/zlobek3plock.pl\/index.php?rest_route=\/wp\/v2\/pages\/928","targetHints":{"allow":["GET"]}}],"collection":[{"href":"https:\/\/zlobek3plock.pl\/index.php?rest_route=\/wp\/v2\/pages"}],"about":[{"href":"https:\/\/zlobek3plock.pl\/index.php?rest_route=\/wp\/v2\/types\/page"}],"author":[{"embeddable":true,"href":"https:\/\/zlobek3plock.pl\/index.php?rest_route=\/wp\/v2\/users\/1"}],"replies":[{"embeddable":true,"href":"https:\/\/zlobek3plock.pl\/index.php?rest_route=%2Fwp%2Fv2%2Fcomments&post=928"}],"version-history":[{"count":4,"href":"https:\/\/zlobek3plock.pl\/index.php?rest_route=\/wp\/v2\/pages\/928\/revisions"}],"predecessor-version":[{"id":1646,"href":"https:\/\/zlobek3plock.pl\/index.php?rest_route=\/wp\/v2\/pages\/928\/revisions\/1646"}],"wp:attachment":[{"href":"https:\/\/zlobek3plock.pl\/index.php?rest_route=%2Fwp%2Fv2%2Fmedia&parent=928"}],"curies":[{"name":"wp","href":"https:\/\/api.w.org\/{rel}","templated":true}]}}