{"id":50,"date":"2021-03-22T12:00:54","date_gmt":"2021-03-22T11:00:54","guid":{"rendered":"http:\/\/zlobek3plock.pl\/?page_id=50"},"modified":"2026-05-12T13:18:13","modified_gmt":"2026-05-12T11:18:13","slug":"jadlospis","status":"publish","type":"page","link":"https:\/\/zlobek3plock.pl\/?page_id=50","title":{"rendered":"Jad\u0142ospis"},"content":{"rendered":"\n<div data-wp-interactive=\"core\/file\" class=\"wp-block-file\"><object data-wp-bind--hidden=\"!state.hasPdfPreview\" hidden class=\"wp-block-file__embed\" data=\"https:\/\/zlobek3plock.pl\/wp-content\/uploads\/2026\/05\/jadlospis-1.pdf\" type=\"application\/pdf\" style=\"width:100%;height:600px\" aria-label=\"Embed of jad\u0142ospis.\"><\/object><a id=\"wp-block-file--media-0454d3d4-7fc5-4b66-86d0-5756c944b60c\" href=\"https:\/\/zlobek3plock.pl\/wp-content\/uploads\/2026\/05\/jadlospis-1.pdf\" target=\"_blank\" rel=\"noreferrer noopener\">jad\u0142ospis<\/a><a href=\"https:\/\/zlobek3plock.pl\/wp-content\/uploads\/2026\/05\/jadlospis-1.pdf\" class=\"wp-block-file__button wp-element-button\" download aria-describedby=\"wp-block-file--media-0454d3d4-7fc5-4b66-86d0-5756c944b60c\">Pobierz<\/a><\/div>\n\n\n\n<p><span style=\"font-size: large;\"><b>SUBSTANCJE LUB PRODUKTY POWODUJ\u0104CE<\/b><\/span><\/p>\n\n\n\n<p><span style=\"font-size: large;\"><b>ALERGIE I REAKCJE NIETOLERANCJI<\/b><\/span><\/p>\n\n\n\n<ol class=\"wp-block-list\">\n<li>Zbo\u017ca zawieraj\u0105ce gluten, tj. pszenica, \u017cyto, j\u0119czmie\u0144, owies, orkisz, kamut lub ich odmiany hybrydowe, a tak\u017ce produkty pochodne;<\/li>\n\n\n\n<li>Skorupiaki i produkty pochodne;<\/li>\n\n\n\n<li>Jaja i produkty pochodne;<\/li>\n\n\n\n<li>Ryby i produkty pochodne;<\/li>\n\n\n\n<li>Orzeszki ziemne (arachidowe) i produkty pochodne;<\/li>\n\n\n\n<li>Soja i produkty pochodne;<\/li>\n\n\n\n<li>Mleko i produkty pochodne (\u0142\u0105cznie z laktoz\u0105);<\/li>\n\n\n\n<li>Orzechy, tj. migda\u0142y,orzechy laskowe, orzechy w\u0142oskie, orzechy nerkowca, orzechy pekan, orzechy brazylijskie, pistacje\/orzechy pistacjowe, orzechy makadamia, a tak\u017ce produkty pochodne;<\/li>\n\n\n\n<li>Seler i produkty pochodne;<\/li>\n\n\n\n<li>Gorczyca i produkty pochodne;<\/li>\n\n\n\n<li>Nasiona sezamu i produkty pochodne;<\/li>\n\n\n\n<li>\u0141ubin i produkty pochodne;<\/li>\n\n\n\n<li>Mi\u0119czaki i produkty pochodne.<\/li>\n<\/ol>\n","protected":false},"excerpt":{"rendered":"<p>SUBSTANCJE LUB PRODUKTY POWODUJ\u0104CE ALERGIE I REAKCJE NIETOLERANCJI<\/p>\n","protected":false},"author":1,"featured_media":0,"parent":0,"menu_order":0,"comment_status":"closed","ping_status":"closed","template":"","meta":{"footnotes":""},"class_list":["post-50","page","type-page","status-publish","hentry"],"yoast_head":"<!-- This site is optimized with the Yoast SEO plugin v24.9 - https:\/\/yoast.com\/wordpress\/plugins\/seo\/ -->\n<title>Jad\u0142ospis - \u017b\u0142obek Miejski nr 3 w P\u0142ocku<\/title>\n<meta name=\"robots\" content=\"index, follow, max-snippet:-1, max-image-preview:large, max-video-preview:-1\" \/>\n<link rel=\"canonical\" href=\"https:\/\/zlobek3plock.pl\/?page_id=50\" \/>\n<meta property=\"og:locale\" content=\"en_US\" \/>\n<meta property=\"og:type\" content=\"article\" \/>\n<meta property=\"og:title\" content=\"Jad\u0142ospis - \u017b\u0142obek Miejski nr 3 w P\u0142ocku\" \/>\n<meta property=\"og:description\" content=\"SUBSTANCJE LUB PRODUKTY POWODUJ\u0104CE ALERGIE I REAKCJE NIETOLERANCJI\" \/>\n<meta property=\"og:url\" content=\"https:\/\/zlobek3plock.pl\/?page_id=50\" \/>\n<meta property=\"og:site_name\" content=\"\u017b\u0142obek Miejski nr 3 w P\u0142ocku\" \/>\n<meta property=\"article:modified_time\" content=\"2026-05-12T11:18:13+00:00\" \/>\n<meta name=\"twitter:card\" content=\"summary_large_image\" \/>\n<meta name=\"twitter:label1\" content=\"Est. reading time\" \/>\n\t<meta name=\"twitter:data1\" content=\"1 minute\" \/>\n<script type=\"application\/ld+json\" class=\"yoast-schema-graph\">{\"@context\":\"https:\/\/schema.org\",\"@graph\":[{\"@type\":\"WebPage\",\"@id\":\"https:\/\/zlobek3plock.pl\/?page_id=50\",\"url\":\"https:\/\/zlobek3plock.pl\/?page_id=50\",\"name\":\"Jad\u0142ospis - \u017b\u0142obek Miejski nr 3 w P\u0142ocku\",\"isPartOf\":{\"@id\":\"https:\/\/zlobek3plock.pl\/#website\"},\"datePublished\":\"2021-03-22T11:00:54+00:00\",\"dateModified\":\"2026-05-12T11:18:13+00:00\",\"breadcrumb\":{\"@id\":\"https:\/\/zlobek3plock.pl\/?page_id=50#breadcrumb\"},\"inLanguage\":\"en-US\",\"potentialAction\":[{\"@type\":\"ReadAction\",\"target\":[\"https:\/\/zlobek3plock.pl\/?page_id=50\"]}]},{\"@type\":\"BreadcrumbList\",\"@id\":\"https:\/\/zlobek3plock.pl\/?page_id=50#breadcrumb\",\"itemListElement\":[{\"@type\":\"ListItem\",\"position\":1,\"name\":\"Home\",\"item\":\"https:\/\/zlobek3plock.pl\/\"},{\"@type\":\"ListItem\",\"position\":2,\"name\":\"Jad\u0142ospis\"}]},{\"@type\":\"WebSite\",\"@id\":\"https:\/\/zlobek3plock.pl\/#website\",\"url\":\"https:\/\/zlobek3plock.pl\/\",\"name\":\"\u017b\u0142obek Miejski nr 3 w P\u0142ocku\",\"description\":\"\",\"potentialAction\":[{\"@type\":\"SearchAction\",\"target\":{\"@type\":\"EntryPoint\",\"urlTemplate\":\"https:\/\/zlobek3plock.pl\/?s={search_term_string}\"},\"query-input\":{\"@type\":\"PropertyValueSpecification\",\"valueRequired\":true,\"valueName\":\"search_term_string\"}}],\"inLanguage\":\"en-US\"}]}<\/script>\n<!-- \/ Yoast SEO plugin. -->","yoast_head_json":{"title":"Jad\u0142ospis - \u017b\u0142obek Miejski nr 3 w P\u0142ocku","robots":{"index":"index","follow":"follow","max-snippet":"max-snippet:-1","max-image-preview":"max-image-preview:large","max-video-preview":"max-video-preview:-1"},"canonical":"https:\/\/zlobek3plock.pl\/?page_id=50","og_locale":"en_US","og_type":"article","og_title":"Jad\u0142ospis - \u017b\u0142obek Miejski nr 3 w P\u0142ocku","og_description":"SUBSTANCJE LUB PRODUKTY POWODUJ\u0104CE ALERGIE I REAKCJE NIETOLERANCJI","og_url":"https:\/\/zlobek3plock.pl\/?page_id=50","og_site_name":"\u017b\u0142obek Miejski nr 3 w P\u0142ocku","article_modified_time":"2026-05-12T11:18:13+00:00","twitter_card":"summary_large_image","twitter_misc":{"Est. reading time":"1 minute"},"schema":{"@context":"https:\/\/schema.org","@graph":[{"@type":"WebPage","@id":"https:\/\/zlobek3plock.pl\/?page_id=50","url":"https:\/\/zlobek3plock.pl\/?page_id=50","name":"Jad\u0142ospis - \u017b\u0142obek Miejski nr 3 w P\u0142ocku","isPartOf":{"@id":"https:\/\/zlobek3plock.pl\/#website"},"datePublished":"2021-03-22T11:00:54+00:00","dateModified":"2026-05-12T11:18:13+00:00","breadcrumb":{"@id":"https:\/\/zlobek3plock.pl\/?page_id=50#breadcrumb"},"inLanguage":"en-US","potentialAction":[{"@type":"ReadAction","target":["https:\/\/zlobek3plock.pl\/?page_id=50"]}]},{"@type":"BreadcrumbList","@id":"https:\/\/zlobek3plock.pl\/?page_id=50#breadcrumb","itemListElement":[{"@type":"ListItem","position":1,"name":"Home","item":"https:\/\/zlobek3plock.pl\/"},{"@type":"ListItem","position":2,"name":"Jad\u0142ospis"}]},{"@type":"WebSite","@id":"https:\/\/zlobek3plock.pl\/#website","url":"https:\/\/zlobek3plock.pl\/","name":"\u017b\u0142obek Miejski nr 3 w P\u0142ocku","description":"","potentialAction":[{"@type":"SearchAction","target":{"@type":"EntryPoint","urlTemplate":"https:\/\/zlobek3plock.pl\/?s={search_term_string}"},"query-input":{"@type":"PropertyValueSpecification","valueRequired":true,"valueName":"search_term_string"}}],"inLanguage":"en-US"}]}},"_links":{"self":[{"href":"https:\/\/zlobek3plock.pl\/index.php?rest_route=\/wp\/v2\/pages\/50","targetHints":{"allow":["GET"]}}],"collection":[{"href":"https:\/\/zlobek3plock.pl\/index.php?rest_route=\/wp\/v2\/pages"}],"about":[{"href":"https:\/\/zlobek3plock.pl\/index.php?rest_route=\/wp\/v2\/types\/page"}],"author":[{"embeddable":true,"href":"https:\/\/zlobek3plock.pl\/index.php?rest_route=\/wp\/v2\/users\/1"}],"replies":[{"embeddable":true,"href":"https:\/\/zlobek3plock.pl\/index.php?rest_route=%2Fwp%2Fv2%2Fcomments&post=50"}],"version-history":[{"count":216,"href":"https:\/\/zlobek3plock.pl\/index.php?rest_route=\/wp\/v2\/pages\/50\/revisions"}],"predecessor-version":[{"id":1881,"href":"https:\/\/zlobek3plock.pl\/index.php?rest_route=\/wp\/v2\/pages\/50\/revisions\/1881"}],"wp:attachment":[{"href":"https:\/\/zlobek3plock.pl\/index.php?rest_route=%2Fwp%2Fv2%2Fmedia&parent=50"}],"curies":[{"name":"wp","href":"https:\/\/api.w.org\/{rel}","templated":true}]}}