{"id":48,"date":"2021-03-22T12:00:54","date_gmt":"2021-03-22T11:00:54","guid":{"rendered":"http:\/\/zlobek3plock.pl\/?page_id=48"},"modified":"2026-03-24T10:22:44","modified_gmt":"2026-03-24T09:22:44","slug":"aktualnosci","status":"publish","type":"page","link":"https:\/\/zlobek3plock.pl\/?page_id=48","title":{"rendered":"Aktualno\u015bci"},"content":{"rendered":"\n<figure class=\"wp-block-image size-large\"><img loading=\"lazy\" decoding=\"async\" width=\"724\" height=\"1024\" src=\"https:\/\/zlobek3plock.pl\/wp-content\/uploads\/2026\/03\/Tekst-akapitu2-724x1024.png\" alt=\"\" class=\"wp-image-1806\" srcset=\"https:\/\/zlobek3plock.pl\/wp-content\/uploads\/2026\/03\/Tekst-akapitu2-724x1024.png 724w, https:\/\/zlobek3plock.pl\/wp-content\/uploads\/2026\/03\/Tekst-akapitu2-212x300.png 212w, https:\/\/zlobek3plock.pl\/wp-content\/uploads\/2026\/03\/Tekst-akapitu2-768x1086.png 768w, https:\/\/zlobek3plock.pl\/wp-content\/uploads\/2026\/03\/Tekst-akapitu2-1086x1536.png 1086w, https:\/\/zlobek3plock.pl\/wp-content\/uploads\/2026\/03\/Tekst-akapitu2-1448x2048.png 1448w, https:\/\/zlobek3plock.pl\/wp-content\/uploads\/2026\/03\/Tekst-akapitu2-1024x1449.png 1024w, https:\/\/zlobek3plock.pl\/wp-content\/uploads\/2026\/03\/Tekst-akapitu2-763x1080.png 763w, https:\/\/zlobek3plock.pl\/wp-content\/uploads\/2026\/03\/Tekst-akapitu2.png 1587w\" sizes=\"auto, (max-width: 724px) 100vw, 724px\" \/><\/figure>\n\n\n\n<p class=\"has-text-align-center\"><strong>Z rado\u015bci\u0105 informujemy o wygranej w konkursie &#8220;Czy\u015bciochowa akademia&#8221; &#8211; Zakochani w Czy\u015bciochowie organizowanej przez Rossmann. <\/strong><\/p>\n\n\n\n<figure class=\"wp-block-gallery has-nested-images columns-default is-cropped wp-block-gallery-1 is-layout-flex wp-block-gallery-is-layout-flex\">\n<figure class=\"wp-block-image size-large\"><img loading=\"lazy\" decoding=\"async\" width=\"1024\" height=\"683\" data-id=\"1774\" src=\"https:\/\/zlobek3plock.pl\/wp-content\/uploads\/2026\/02\/DSC_0715-1024x683.jpg\" alt=\"\" class=\"wp-image-1774\" srcset=\"https:\/\/zlobek3plock.pl\/wp-content\/uploads\/2026\/02\/DSC_0715-1024x683.jpg 1024w, https:\/\/zlobek3plock.pl\/wp-content\/uploads\/2026\/02\/DSC_0715-300x200.jpg 300w, https:\/\/zlobek3plock.pl\/wp-content\/uploads\/2026\/02\/DSC_0715-768x512.jpg 768w, https:\/\/zlobek3plock.pl\/wp-content\/uploads\/2026\/02\/DSC_0715-1536x1024.jpg 1536w, https:\/\/zlobek3plock.pl\/wp-content\/uploads\/2026\/02\/DSC_0715-2048x1365.jpg 2048w, https:\/\/zlobek3plock.pl\/wp-content\/uploads\/2026\/02\/DSC_0715-1620x1080.jpg 1620w\" sizes=\"auto, (max-width: 1024px) 100vw, 1024px\" \/><\/figure>\n<\/figure>\n\n\n\n<p><a href=\"https:\/\/przedszkole-talentow.pl\/laureaci\/zlobki\/zaufany-zlobek\" target=\"_blank\" rel=\"noreferrer noopener\"><\/a><\/p>\n\n\n\n<h3 class=\"wp-block-heading\"><a href=\"https:\/\/przedszkole-talentow.pl\/laureaci\/zlobki\/zaufany-zlobek\" target=\"_blank\" rel=\"noreferrer noopener\">Przedszkole Zaufany \u017b\u0142obek 2026<\/a><\/h3>\n\n\n\n<p><a href=\"https:\/\/przedszkole-talentow.pl\/laureaci\/zlobki\/zaufany-zlobek\" target=\"_blank\" rel=\"noreferrer noopener\"><\/a><\/p>\n\n\n\n<p>Certyfikat przyznany przez<br><a href=\"https:\/\/przedszkole-talentow.pl\/laureaci\/zlobki\/zaufany-zlobek\">przedszkole-talentow.pl<\/a><\/p>\n\n\n\n<p>W miesi\u0105cu wrzesie\u0144 2025 nasza plac\u00f3wka przyst\u0105pi\u0142a do programu &#8220;Dzie\u0144 na U&#8221;, dzi\u0119ki czemu pracownicy b\u0119d\u0105 mogli skorzysta\u0107 z dodatkowego dnia p\u0142atnego na badania profilaktyczne.<\/p>\n\n\n\n<p><a href=\"https:\/\/www.dziennau.pl\">https:\/\/www.dziennau.pl<\/a><\/p>\n\n\n\n<p><\/p>\n","protected":false},"excerpt":{"rendered":"<p>Z rado\u015bci\u0105 informujemy o wygranej w konkursie &#8220;Czy\u015bciochowa akademia&#8221; &#8211; Zakochani w Czy\u015bciochowie organizowanej przez Rossmann. Przedszkole Zaufany \u017b\u0142obek 2026 Certyfikat przyznany przezprzedszkole-talentow.pl W miesi\u0105cu wrzesie\u0144 2025 nasza plac\u00f3wka przyst\u0105pi\u0142a do programu &#8220;Dzie\u0144 na U&#8221;, dzi\u0119ki czemu pracownicy b\u0119d\u0105 mogli skorzysta\u0107 z dodatkowego dnia p\u0142atnego na badania profilaktyczne. https:\/\/www.dziennau.pl<\/p>\n","protected":false},"author":1,"featured_media":0,"parent":0,"menu_order":0,"comment_status":"closed","ping_status":"closed","template":"","meta":{"footnotes":""},"class_list":["post-48","page","type-page","status-publish","hentry"],"yoast_head":"<!-- This site is optimized with the Yoast SEO plugin v24.9 - https:\/\/yoast.com\/wordpress\/plugins\/seo\/ -->\n<title>Aktualno\u015bci - \u017b\u0142obek Miejski nr 3 w P\u0142ocku<\/title>\n<meta name=\"robots\" content=\"index, follow, max-snippet:-1, max-image-preview:large, max-video-preview:-1\" \/>\n<link rel=\"canonical\" href=\"https:\/\/zlobek3plock.pl\/?page_id=48\" \/>\n<meta property=\"og:locale\" content=\"en_US\" \/>\n<meta property=\"og:type\" content=\"article\" \/>\n<meta property=\"og:title\" content=\"Aktualno\u015bci - \u017b\u0142obek Miejski nr 3 w P\u0142ocku\" \/>\n<meta property=\"og:description\" content=\"Z rado\u015bci\u0105 informujemy o wygranej w konkursie &#8220;Czy\u015bciochowa akademia&#8221; &#8211; Zakochani w Czy\u015bciochowie organizowanej przez Rossmann. Przedszkole Zaufany \u017b\u0142obek 2026 Certyfikat przyznany przezprzedszkole-talentow.pl W miesi\u0105cu wrzesie\u0144 2025 nasza plac\u00f3wka przyst\u0105pi\u0142a do programu &#8220;Dzie\u0144 na U&#8221;, dzi\u0119ki czemu pracownicy b\u0119d\u0105 mogli skorzysta\u0107 z dodatkowego dnia p\u0142atnego na badania profilaktyczne. https:\/\/www.dziennau.pl\" \/>\n<meta property=\"og:url\" content=\"https:\/\/zlobek3plock.pl\/?page_id=48\" \/>\n<meta property=\"og:site_name\" content=\"\u017b\u0142obek Miejski nr 3 w P\u0142ocku\" \/>\n<meta property=\"article:modified_time\" content=\"2026-03-24T09:22:44+00:00\" \/>\n<meta property=\"og:image\" content=\"https:\/\/zlobek3plock.pl\/wp-content\/uploads\/2026\/03\/Tekst-akapitu2-724x1024.png\" \/>\n\t<meta property=\"og:image:width\" content=\"724\" \/>\n\t<meta property=\"og:image:height\" content=\"1024\" \/>\n\t<meta property=\"og:image:type\" content=\"image\/png\" \/>\n<meta name=\"twitter:card\" content=\"summary_large_image\" \/>\n<meta name=\"twitter:label1\" content=\"Est. reading time\" \/>\n\t<meta name=\"twitter:data1\" content=\"1 minute\" \/>\n<script type=\"application\/ld+json\" class=\"yoast-schema-graph\">{\"@context\":\"https:\/\/schema.org\",\"@graph\":[{\"@type\":\"WebPage\",\"@id\":\"https:\/\/zlobek3plock.pl\/?page_id=48\",\"url\":\"https:\/\/zlobek3plock.pl\/?page_id=48\",\"name\":\"Aktualno\u015bci - \u017b\u0142obek Miejski nr 3 w P\u0142ocku\",\"isPartOf\":{\"@id\":\"https:\/\/zlobek3plock.pl\/#website\"},\"primaryImageOfPage\":{\"@id\":\"https:\/\/zlobek3plock.pl\/?page_id=48#primaryimage\"},\"image\":{\"@id\":\"https:\/\/zlobek3plock.pl\/?page_id=48#primaryimage\"},\"thumbnailUrl\":\"https:\/\/zlobek3plock.pl\/wp-content\/uploads\/2026\/03\/Tekst-akapitu2-724x1024.png\",\"datePublished\":\"2021-03-22T11:00:54+00:00\",\"dateModified\":\"2026-03-24T09:22:44+00:00\",\"breadcrumb\":{\"@id\":\"https:\/\/zlobek3plock.pl\/?page_id=48#breadcrumb\"},\"inLanguage\":\"en-US\",\"potentialAction\":[{\"@type\":\"ReadAction\",\"target\":[\"https:\/\/zlobek3plock.pl\/?page_id=48\"]}]},{\"@type\":\"ImageObject\",\"inLanguage\":\"en-US\",\"@id\":\"https:\/\/zlobek3plock.pl\/?page_id=48#primaryimage\",\"url\":\"https:\/\/zlobek3plock.pl\/wp-content\/uploads\/2026\/03\/Tekst-akapitu2.png\",\"contentUrl\":\"https:\/\/zlobek3plock.pl\/wp-content\/uploads\/2026\/03\/Tekst-akapitu2.png\",\"width\":1587,\"height\":2245},{\"@type\":\"BreadcrumbList\",\"@id\":\"https:\/\/zlobek3plock.pl\/?page_id=48#breadcrumb\",\"itemListElement\":[{\"@type\":\"ListItem\",\"position\":1,\"name\":\"Home\",\"item\":\"https:\/\/zlobek3plock.pl\/\"},{\"@type\":\"ListItem\",\"position\":2,\"name\":\"Aktualno\u015bci\"}]},{\"@type\":\"WebSite\",\"@id\":\"https:\/\/zlobek3plock.pl\/#website\",\"url\":\"https:\/\/zlobek3plock.pl\/\",\"name\":\"\u017b\u0142obek Miejski nr 3 w P\u0142ocku\",\"description\":\"\",\"potentialAction\":[{\"@type\":\"SearchAction\",\"target\":{\"@type\":\"EntryPoint\",\"urlTemplate\":\"https:\/\/zlobek3plock.pl\/?s={search_term_string}\"},\"query-input\":{\"@type\":\"PropertyValueSpecification\",\"valueRequired\":true,\"valueName\":\"search_term_string\"}}],\"inLanguage\":\"en-US\"}]}<\/script>\n<!-- \/ Yoast SEO plugin. -->","yoast_head_json":{"title":"Aktualno\u015bci - \u017b\u0142obek Miejski nr 3 w P\u0142ocku","robots":{"index":"index","follow":"follow","max-snippet":"max-snippet:-1","max-image-preview":"max-image-preview:large","max-video-preview":"max-video-preview:-1"},"canonical":"https:\/\/zlobek3plock.pl\/?page_id=48","og_locale":"en_US","og_type":"article","og_title":"Aktualno\u015bci - \u017b\u0142obek Miejski nr 3 w P\u0142ocku","og_description":"Z rado\u015bci\u0105 informujemy o wygranej w konkursie &#8220;Czy\u015bciochowa akademia&#8221; &#8211; Zakochani w Czy\u015bciochowie organizowanej przez Rossmann. Przedszkole Zaufany \u017b\u0142obek 2026 Certyfikat przyznany przezprzedszkole-talentow.pl W miesi\u0105cu wrzesie\u0144 2025 nasza plac\u00f3wka przyst\u0105pi\u0142a do programu &#8220;Dzie\u0144 na U&#8221;, dzi\u0119ki czemu pracownicy b\u0119d\u0105 mogli skorzysta\u0107 z dodatkowego dnia p\u0142atnego na badania profilaktyczne. https:\/\/www.dziennau.pl","og_url":"https:\/\/zlobek3plock.pl\/?page_id=48","og_site_name":"\u017b\u0142obek Miejski nr 3 w P\u0142ocku","article_modified_time":"2026-03-24T09:22:44+00:00","og_image":[{"width":724,"height":1024,"url":"https:\/\/zlobek3plock.pl\/wp-content\/uploads\/2026\/03\/Tekst-akapitu2-724x1024.png","type":"image\/png"}],"twitter_card":"summary_large_image","twitter_misc":{"Est. reading time":"1 minute"},"schema":{"@context":"https:\/\/schema.org","@graph":[{"@type":"WebPage","@id":"https:\/\/zlobek3plock.pl\/?page_id=48","url":"https:\/\/zlobek3plock.pl\/?page_id=48","name":"Aktualno\u015bci - \u017b\u0142obek Miejski nr 3 w P\u0142ocku","isPartOf":{"@id":"https:\/\/zlobek3plock.pl\/#website"},"primaryImageOfPage":{"@id":"https:\/\/zlobek3plock.pl\/?page_id=48#primaryimage"},"image":{"@id":"https:\/\/zlobek3plock.pl\/?page_id=48#primaryimage"},"thumbnailUrl":"https:\/\/zlobek3plock.pl\/wp-content\/uploads\/2026\/03\/Tekst-akapitu2-724x1024.png","datePublished":"2021-03-22T11:00:54+00:00","dateModified":"2026-03-24T09:22:44+00:00","breadcrumb":{"@id":"https:\/\/zlobek3plock.pl\/?page_id=48#breadcrumb"},"inLanguage":"en-US","potentialAction":[{"@type":"ReadAction","target":["https:\/\/zlobek3plock.pl\/?page_id=48"]}]},{"@type":"ImageObject","inLanguage":"en-US","@id":"https:\/\/zlobek3plock.pl\/?page_id=48#primaryimage","url":"https:\/\/zlobek3plock.pl\/wp-content\/uploads\/2026\/03\/Tekst-akapitu2.png","contentUrl":"https:\/\/zlobek3plock.pl\/wp-content\/uploads\/2026\/03\/Tekst-akapitu2.png","width":1587,"height":2245},{"@type":"BreadcrumbList","@id":"https:\/\/zlobek3plock.pl\/?page_id=48#breadcrumb","itemListElement":[{"@type":"ListItem","position":1,"name":"Home","item":"https:\/\/zlobek3plock.pl\/"},{"@type":"ListItem","position":2,"name":"Aktualno\u015bci"}]},{"@type":"WebSite","@id":"https:\/\/zlobek3plock.pl\/#website","url":"https:\/\/zlobek3plock.pl\/","name":"\u017b\u0142obek Miejski nr 3 w P\u0142ocku","description":"","potentialAction":[{"@type":"SearchAction","target":{"@type":"EntryPoint","urlTemplate":"https:\/\/zlobek3plock.pl\/?s={search_term_string}"},"query-input":{"@type":"PropertyValueSpecification","valueRequired":true,"valueName":"search_term_string"}}],"inLanguage":"en-US"}]}},"_links":{"self":[{"href":"https:\/\/zlobek3plock.pl\/index.php?rest_route=\/wp\/v2\/pages\/48","targetHints":{"allow":["GET"]}}],"collection":[{"href":"https:\/\/zlobek3plock.pl\/index.php?rest_route=\/wp\/v2\/pages"}],"about":[{"href":"https:\/\/zlobek3plock.pl\/index.php?rest_route=\/wp\/v2\/types\/page"}],"author":[{"embeddable":true,"href":"https:\/\/zlobek3plock.pl\/index.php?rest_route=\/wp\/v2\/users\/1"}],"replies":[{"embeddable":true,"href":"https:\/\/zlobek3plock.pl\/index.php?rest_route=%2Fwp%2Fv2%2Fcomments&post=48"}],"version-history":[{"count":23,"href":"https:\/\/zlobek3plock.pl\/index.php?rest_route=\/wp\/v2\/pages\/48\/revisions"}],"predecessor-version":[{"id":1808,"href":"https:\/\/zlobek3plock.pl\/index.php?rest_route=\/wp\/v2\/pages\/48\/revisions\/1808"}],"wp:attachment":[{"href":"https:\/\/zlobek3plock.pl\/index.php?rest_route=%2Fwp%2Fv2%2Fmedia&parent=48"}],"curies":[{"name":"wp","href":"https:\/\/api.w.org\/{rel}","templated":true}]}}