{"id":474,"date":"2021-12-31T10:00:18","date_gmt":"2021-12-31T09:00:18","guid":{"rendered":"https:\/\/zlobek3plock.pl\/?page_id=474"},"modified":"2024-10-24T09:46:19","modified_gmt":"2024-10-24T07:46:19","slug":"oplaty","status":"publish","type":"page","link":"https:\/\/zlobek3plock.pl\/?page_id=474","title":{"rendered":"Op\u0142aty"},"content":{"rendered":"<h3>=) Op\u0142ata za wy\u017cywienie wynosi <span style=\"color: #ff00ff;\"><em>7,00<\/em> <\/span>z\u0142 dziennie. Naliczana jest z g\u00f3ry w danym miesi\u0105cu. Dni nieobecno\u015bci odliczane s\u0105 w miesi\u0105cach kolejnych od stawki \u017cywieniowej.<\/h3>\n<h3>=) Op\u0142ata sta\u0142a za ucz\u0119szczanie dziecka do \u017c\u0142obka do 10 godzin dziennie wynosi <span style=\"color: #ff00ff;\"><em>1 500,00<\/em><\/span> z\u0142 w 2024 roku. W przypadku z\u0142o\u017cenia wniosku w programie &#8220;Aktywny w \u017c\u0142obku&#8221; plac\u00f3wka nie nalicza op\u0142aty sta\u0142ej, tylko za wy\u017cywienie.<\/h3>\n<h3>=) Op\u0142aty s\u0105 uiszczane do 10 dnia ka\u017cdego dnia miesi\u0105ca.<\/h3>\n<h3>=) Op\u0142aty mo\u017cna sprawdzi\u0107 w portalu <a href=\"http:\/\/www.mobiportal.pl\/\">http:\/\/www.mobiportal.pl\/<\/a><\/h3>\n","protected":false},"excerpt":{"rendered":"<p>=) Op\u0142ata za wy\u017cywienie wynosi 7,00 z\u0142 dziennie. Naliczana jest z g\u00f3ry w danym miesi\u0105cu. Dni nieobecno\u015bci odliczane s\u0105 w miesi\u0105cach kolejnych od stawki \u017cywieniowej. =) Op\u0142ata sta\u0142a za ucz\u0119szczanie dziecka do \u017c\u0142obka do 10 godzin dziennie wynosi 1 500,00 z\u0142 w 2024 roku. W przypadku z\u0142o\u017cenia wniosku w programie &#8220;Aktywny w \u017c\u0142obku&#8221; plac\u00f3wka nie&hellip; <a class=\"continue\" href=\"https:\/\/zlobek3plock.pl\/?page_id=474\">Continue Reading<span> Op\u0142aty<\/span><\/a><\/p>\n","protected":false},"author":1,"featured_media":0,"parent":0,"menu_order":0,"comment_status":"closed","ping_status":"closed","template":"","meta":{"footnotes":""},"class_list":["post-474","page","type-page","status-publish","hentry"],"yoast_head":"<!-- This site is optimized with the Yoast SEO plugin v24.9 - https:\/\/yoast.com\/wordpress\/plugins\/seo\/ -->\n<title>Op\u0142aty - \u017b\u0142obek Miejski nr 3 w P\u0142ocku<\/title>\n<meta name=\"robots\" content=\"index, follow, max-snippet:-1, max-image-preview:large, max-video-preview:-1\" \/>\n<link rel=\"canonical\" href=\"https:\/\/zlobek3plock.pl\/?page_id=474\" \/>\n<meta property=\"og:locale\" content=\"en_US\" \/>\n<meta property=\"og:type\" content=\"article\" \/>\n<meta property=\"og:title\" content=\"Op\u0142aty - \u017b\u0142obek Miejski nr 3 w P\u0142ocku\" \/>\n<meta property=\"og:description\" content=\"=) Op\u0142ata za wy\u017cywienie wynosi 7,00 z\u0142 dziennie. Naliczana jest z g\u00f3ry w danym miesi\u0105cu. Dni nieobecno\u015bci odliczane s\u0105 w miesi\u0105cach kolejnych od stawki \u017cywieniowej. =) Op\u0142ata sta\u0142a za ucz\u0119szczanie dziecka do \u017c\u0142obka do 10 godzin dziennie wynosi 1 500,00 z\u0142 w 2024 roku. W przypadku z\u0142o\u017cenia wniosku w programie &#8220;Aktywny w \u017c\u0142obku&#8221; plac\u00f3wka nie&hellip; Continue Reading Op\u0142aty\" \/>\n<meta property=\"og:url\" content=\"https:\/\/zlobek3plock.pl\/?page_id=474\" \/>\n<meta property=\"og:site_name\" content=\"\u017b\u0142obek Miejski nr 3 w P\u0142ocku\" \/>\n<meta property=\"article:modified_time\" content=\"2024-10-24T07:46:19+00:00\" \/>\n<meta name=\"twitter:card\" content=\"summary_large_image\" \/>\n<meta name=\"twitter:label1\" content=\"Est. reading time\" \/>\n\t<meta name=\"twitter:data1\" content=\"1 minute\" \/>\n<script type=\"application\/ld+json\" class=\"yoast-schema-graph\">{\"@context\":\"https:\/\/schema.org\",\"@graph\":[{\"@type\":\"WebPage\",\"@id\":\"https:\/\/zlobek3plock.pl\/?page_id=474\",\"url\":\"https:\/\/zlobek3plock.pl\/?page_id=474\",\"name\":\"Op\u0142aty - \u017b\u0142obek Miejski nr 3 w P\u0142ocku\",\"isPartOf\":{\"@id\":\"https:\/\/zlobek3plock.pl\/#website\"},\"datePublished\":\"2021-12-31T09:00:18+00:00\",\"dateModified\":\"2024-10-24T07:46:19+00:00\",\"breadcrumb\":{\"@id\":\"https:\/\/zlobek3plock.pl\/?page_id=474#breadcrumb\"},\"inLanguage\":\"en-US\",\"potentialAction\":[{\"@type\":\"ReadAction\",\"target\":[\"https:\/\/zlobek3plock.pl\/?page_id=474\"]}]},{\"@type\":\"BreadcrumbList\",\"@id\":\"https:\/\/zlobek3plock.pl\/?page_id=474#breadcrumb\",\"itemListElement\":[{\"@type\":\"ListItem\",\"position\":1,\"name\":\"Home\",\"item\":\"https:\/\/zlobek3plock.pl\/\"},{\"@type\":\"ListItem\",\"position\":2,\"name\":\"Op\u0142aty\"}]},{\"@type\":\"WebSite\",\"@id\":\"https:\/\/zlobek3plock.pl\/#website\",\"url\":\"https:\/\/zlobek3plock.pl\/\",\"name\":\"\u017b\u0142obek Miejski nr 3 w P\u0142ocku\",\"description\":\"\",\"potentialAction\":[{\"@type\":\"SearchAction\",\"target\":{\"@type\":\"EntryPoint\",\"urlTemplate\":\"https:\/\/zlobek3plock.pl\/?s={search_term_string}\"},\"query-input\":{\"@type\":\"PropertyValueSpecification\",\"valueRequired\":true,\"valueName\":\"search_term_string\"}}],\"inLanguage\":\"en-US\"}]}<\/script>\n<!-- \/ Yoast SEO plugin. -->","yoast_head_json":{"title":"Op\u0142aty - \u017b\u0142obek Miejski nr 3 w P\u0142ocku","robots":{"index":"index","follow":"follow","max-snippet":"max-snippet:-1","max-image-preview":"max-image-preview:large","max-video-preview":"max-video-preview:-1"},"canonical":"https:\/\/zlobek3plock.pl\/?page_id=474","og_locale":"en_US","og_type":"article","og_title":"Op\u0142aty - \u017b\u0142obek Miejski nr 3 w P\u0142ocku","og_description":"=) Op\u0142ata za wy\u017cywienie wynosi 7,00 z\u0142 dziennie. Naliczana jest z g\u00f3ry w danym miesi\u0105cu. Dni nieobecno\u015bci odliczane s\u0105 w miesi\u0105cach kolejnych od stawki \u017cywieniowej. =) Op\u0142ata sta\u0142a za ucz\u0119szczanie dziecka do \u017c\u0142obka do 10 godzin dziennie wynosi 1 500,00 z\u0142 w 2024 roku. W przypadku z\u0142o\u017cenia wniosku w programie &#8220;Aktywny w \u017c\u0142obku&#8221; plac\u00f3wka nie&hellip; Continue Reading Op\u0142aty","og_url":"https:\/\/zlobek3plock.pl\/?page_id=474","og_site_name":"\u017b\u0142obek Miejski nr 3 w P\u0142ocku","article_modified_time":"2024-10-24T07:46:19+00:00","twitter_card":"summary_large_image","twitter_misc":{"Est. reading time":"1 minute"},"schema":{"@context":"https:\/\/schema.org","@graph":[{"@type":"WebPage","@id":"https:\/\/zlobek3plock.pl\/?page_id=474","url":"https:\/\/zlobek3plock.pl\/?page_id=474","name":"Op\u0142aty - \u017b\u0142obek Miejski nr 3 w P\u0142ocku","isPartOf":{"@id":"https:\/\/zlobek3plock.pl\/#website"},"datePublished":"2021-12-31T09:00:18+00:00","dateModified":"2024-10-24T07:46:19+00:00","breadcrumb":{"@id":"https:\/\/zlobek3plock.pl\/?page_id=474#breadcrumb"},"inLanguage":"en-US","potentialAction":[{"@type":"ReadAction","target":["https:\/\/zlobek3plock.pl\/?page_id=474"]}]},{"@type":"BreadcrumbList","@id":"https:\/\/zlobek3plock.pl\/?page_id=474#breadcrumb","itemListElement":[{"@type":"ListItem","position":1,"name":"Home","item":"https:\/\/zlobek3plock.pl\/"},{"@type":"ListItem","position":2,"name":"Op\u0142aty"}]},{"@type":"WebSite","@id":"https:\/\/zlobek3plock.pl\/#website","url":"https:\/\/zlobek3plock.pl\/","name":"\u017b\u0142obek Miejski nr 3 w P\u0142ocku","description":"","potentialAction":[{"@type":"SearchAction","target":{"@type":"EntryPoint","urlTemplate":"https:\/\/zlobek3plock.pl\/?s={search_term_string}"},"query-input":{"@type":"PropertyValueSpecification","valueRequired":true,"valueName":"search_term_string"}}],"inLanguage":"en-US"}]}},"_links":{"self":[{"href":"https:\/\/zlobek3plock.pl\/index.php?rest_route=\/wp\/v2\/pages\/474","targetHints":{"allow":["GET"]}}],"collection":[{"href":"https:\/\/zlobek3plock.pl\/index.php?rest_route=\/wp\/v2\/pages"}],"about":[{"href":"https:\/\/zlobek3plock.pl\/index.php?rest_route=\/wp\/v2\/types\/page"}],"author":[{"embeddable":true,"href":"https:\/\/zlobek3plock.pl\/index.php?rest_route=\/wp\/v2\/users\/1"}],"replies":[{"embeddable":true,"href":"https:\/\/zlobek3plock.pl\/index.php?rest_route=%2Fwp%2Fv2%2Fcomments&post=474"}],"version-history":[{"count":7,"href":"https:\/\/zlobek3plock.pl\/index.php?rest_route=\/wp\/v2\/pages\/474\/revisions"}],"predecessor-version":[{"id":1325,"href":"https:\/\/zlobek3plock.pl\/index.php?rest_route=\/wp\/v2\/pages\/474\/revisions\/1325"}],"wp:attachment":[{"href":"https:\/\/zlobek3plock.pl\/index.php?rest_route=%2Fwp%2Fv2%2Fmedia&parent=474"}],"curies":[{"name":"wp","href":"https:\/\/api.w.org\/{rel}","templated":true}]}}