{"id":235,"date":"2021-04-21T10:37:55","date_gmt":"2021-04-21T08:37:55","guid":{"rendered":"https:\/\/zlobek3plock.pl\/?page_id=235"},"modified":"2025-08-26T07:58:04","modified_gmt":"2025-08-26T05:58:04","slug":"wyprawka","status":"publish","type":"page","link":"https:\/\/zlobek3plock.pl\/?page_id=235","title":{"rendered":"Wyprawka"},"content":{"rendered":"<h1 style=\"text-align: center;\"><span style=\"color: #ff0000;\">ROK SZKOLNY 2025\/2026<\/span><\/h1>\n<p style=\"text-align: center;\"><u><strong>Wyprawka dla dzieci na I grup\u0119<\/strong><\/u><\/p>\n<ol style=\"text-align: center;\">\n<li>Pi\u017cama (dwucz\u0119\u015bciowa)<\/li>\n<li>Chusteczki nawil\u017cane\u00a0 &#8211; 2 paczki na miesi\u0105c<\/li>\n<li>Chusteczki higieniczne w pude\u0142ku &#8211; 1 paczka na miesi\u0105c<\/li>\n<li>Krem piel\u0119gnacyjny podpisany<\/li>\n<li>Pampersy (ka\u017cda sztuka podpisana)<\/li>\n<li>Ubranka na zmian\u0119 (kilka sztuk) &#8211; <strong>WYRA\u0179NIE PODPISANE<\/strong><\/li>\n<li>Kapcie usztywniane (podpisane po zewn\u0119trznej stronie buta) dla dzieci chodz\u0105cych<\/li>\n<li>Butelki (nowe, ma\u0142e, bez s\u0142omki) lub ewentualnie inny kubek, z kt\u00f3rego dziecko pije w ci\u0105gu dnia<\/li>\n<li>Podpisany smoczek, je\u015bli dziecko z niego korzysta, po\u0142\u0105czony z zawieszk\u0105 (\u0142a\u0144cuszkiem)<\/li>\n<li>R\u0119cznik papierowy &#8211; 1 rolka na miesi\u0105c<\/li>\n<li>Pieluszka tetrowa &#8211; 1 szt.<\/li>\n<li>\u015aliniaki &#8211; 3 szt. &#8211; tylko materia\u0142owe<\/li>\n<\/ol>\n<p style=\"text-align: center;\"><u><strong>Wyprawka dla dzieci na II grup\u0119<\/strong><\/u><\/p>\n<ol style=\"text-align: center;\">\n<li>Pi\u017cama &#8211; w podpisanym woreczku <span style=\"text-decoration: underline;\">DWUCZ\u0118\u015aCIOWA<\/span><\/li>\n<li>Chusteczki nawil\u017cane &#8211; 2 paczki na miesi\u0105c<\/li>\n<li>Chusteczki higieniczne w pude\u0142ku &#8211; 2 paczki na miesi\u0105c<\/li>\n<li>Krem piel\u0119gnacyjny<\/li>\n<li>R\u0119cznik papierowy &#8211; 1 rolka na miesi\u0105c<\/li>\n<li>Pampersy &#8211; podpisana ka\u017cda sztuka<\/li>\n<li>Ubranka na zmian\u0119 &#8211; kilka sztuk, wszystko wyra\u017anie podpisane<\/li>\n<li>Kapcie (podpisane po zewn\u0119trznej stronie buta)<\/li>\n<li>Kubek niekapek lub inny kubeczek, z kt\u00f3rego dziecko pije w ci\u0105gu dnia<\/li>\n<li>Szczoteczka do z\u0119b\u00f3w, pasta do z\u0119b\u00f3w, kubeczek &#8211; podpisane<\/li>\n<li>Kubeczek na szczoteczk\u0119 &#8211; podpisany<\/li>\n<li>Papier ksero &#8211; 1 ryza<\/li>\n<li>\u015aliniaki materia\u0142owe (nie z ceraty) &#8211; 3 szt.<\/li>\n<li>Klej &#8211; 2 szt.<\/li>\n<li>Papier techniczny A3 kolorowy<\/li>\n<li>Kredki o\u0142\u00f3wkowe (nie \u015bwiecowe)<\/li>\n<li>Ciastolina &#8211; 4 kolory<\/li>\n<\/ol>\n<p style=\"text-align: center;\"><u><strong>Wyprawka dla dzieci na III grup\u0119<\/strong><\/u><\/p>\n<ol style=\"text-align: center;\">\n<li>Pi\u017cama dwucz\u0119\u015bciowa- podpisana<\/li>\n<li>Chusteczki nawil\u017cane\u00a0 &#8211; 1 raz na miesi\u0105c<\/li>\n<li>Chusteczki higieniczne w pude\u0142ku &#8211; 1 raz na miesi\u0105c<\/li>\n<li>Pampersy (na le\u017cakowanie, o ile jeszcze dziecko u\u017cywa) &#8211; podpisana ka\u017cda sztuka<\/li>\n<li>Ubranka na zmian\u0119 (kilka sztuk) &#8211; podpisane<\/li>\n<li>Kapcie ? podpisane po zewn\u0119trznej stronie buta<\/li>\n<li>\u015aliniaki wi\u0105zane &#8211; 3 sztuki<\/li>\n<li>R\u0119cznik papierowy &#8211; 2 rolki<\/li>\n<li>Szczoteczka do z\u0119b\u00f3w &#8211; podpisana<\/li>\n<li>Pasta do z\u0119b\u00f3w &#8211; podpisana<\/li>\n<li>Kubeczek na szczoteczk\u0119<\/li>\n<li>Teczka tekturowa na prace plastyczne format A4<\/li>\n<li>Klej &#8211; 5 sztuk<\/li>\n<li>Ciastolina &#8211; 3 kolory<\/li>\n<li>Kredki Bambino (grube, o\u0142\u00f3wkowe &#8211; 6 kolor\u00f3w)<\/li>\n<li>Farby plakatowe<\/li>\n<li>Blok techniczny kolorowy A3 powy\u017cej 120gram<\/li>\n<li>Piasek kinetyczny (ma\u0142y pojemnik)<\/li>\n<li>P\u0142atki kosmetyczne<\/li>\n<\/ol>\n<p style=\"text-align: center;\"><strong>\u00a0<\/strong><\/p>\n","protected":false},"excerpt":{"rendered":"<p>ROK SZKOLNY 2025\/2026 Wyprawka dla dzieci na I grup\u0119 Pi\u017cama (dwucz\u0119\u015bciowa) Chusteczki nawil\u017cane\u00a0 &#8211; 2 paczki na miesi\u0105c Chusteczki higieniczne w pude\u0142ku &#8211; 1 paczka na miesi\u0105c Krem piel\u0119gnacyjny podpisany Pampersy (ka\u017cda sztuka podpisana) Ubranka na zmian\u0119 (kilka sztuk) &#8211; WYRA\u0179NIE PODPISANE Kapcie usztywniane (podpisane po zewn\u0119trznej stronie buta) dla dzieci chodz\u0105cych Butelki (nowe, ma\u0142e,&hellip; <a class=\"continue\" href=\"https:\/\/zlobek3plock.pl\/?page_id=235\">Continue Reading<span> Wyprawka<\/span><\/a><\/p>\n","protected":false},"author":1,"featured_media":0,"parent":0,"menu_order":0,"comment_status":"closed","ping_status":"closed","template":"","meta":{"footnotes":""},"class_list":["post-235","page","type-page","status-publish","hentry"],"yoast_head":"<!-- This site is optimized with the Yoast SEO plugin v24.9 - https:\/\/yoast.com\/wordpress\/plugins\/seo\/ -->\n<title>Wyprawka - \u017b\u0142obek Miejski nr 3 w P\u0142ocku<\/title>\n<meta name=\"robots\" content=\"index, follow, max-snippet:-1, max-image-preview:large, max-video-preview:-1\" \/>\n<link rel=\"canonical\" href=\"https:\/\/zlobek3plock.pl\/?page_id=235\" \/>\n<meta property=\"og:locale\" content=\"en_US\" \/>\n<meta property=\"og:type\" content=\"article\" \/>\n<meta property=\"og:title\" content=\"Wyprawka - \u017b\u0142obek Miejski nr 3 w P\u0142ocku\" \/>\n<meta property=\"og:description\" content=\"ROK SZKOLNY 2025\/2026 Wyprawka dla dzieci na I grup\u0119 Pi\u017cama (dwucz\u0119\u015bciowa) Chusteczki nawil\u017cane\u00a0 &#8211; 2 paczki na miesi\u0105c Chusteczki higieniczne w pude\u0142ku &#8211; 1 paczka na miesi\u0105c Krem piel\u0119gnacyjny podpisany Pampersy (ka\u017cda sztuka podpisana) Ubranka na zmian\u0119 (kilka sztuk) &#8211; WYRA\u0179NIE PODPISANE Kapcie usztywniane (podpisane po zewn\u0119trznej stronie buta) dla dzieci chodz\u0105cych Butelki (nowe, ma\u0142e,&hellip; Continue Reading Wyprawka\" \/>\n<meta property=\"og:url\" content=\"https:\/\/zlobek3plock.pl\/?page_id=235\" \/>\n<meta property=\"og:site_name\" content=\"\u017b\u0142obek Miejski nr 3 w P\u0142ocku\" \/>\n<meta property=\"article:modified_time\" content=\"2025-08-26T05:58:04+00:00\" \/>\n<meta name=\"twitter:card\" content=\"summary_large_image\" \/>\n<meta name=\"twitter:label1\" content=\"Est. reading time\" \/>\n\t<meta name=\"twitter:data1\" content=\"2 minutes\" \/>\n<script type=\"application\/ld+json\" class=\"yoast-schema-graph\">{\"@context\":\"https:\/\/schema.org\",\"@graph\":[{\"@type\":\"WebPage\",\"@id\":\"https:\/\/zlobek3plock.pl\/?page_id=235\",\"url\":\"https:\/\/zlobek3plock.pl\/?page_id=235\",\"name\":\"Wyprawka - \u017b\u0142obek Miejski nr 3 w P\u0142ocku\",\"isPartOf\":{\"@id\":\"https:\/\/zlobek3plock.pl\/#website\"},\"datePublished\":\"2021-04-21T08:37:55+00:00\",\"dateModified\":\"2025-08-26T05:58:04+00:00\",\"breadcrumb\":{\"@id\":\"https:\/\/zlobek3plock.pl\/?page_id=235#breadcrumb\"},\"inLanguage\":\"en-US\",\"potentialAction\":[{\"@type\":\"ReadAction\",\"target\":[\"https:\/\/zlobek3plock.pl\/?page_id=235\"]}]},{\"@type\":\"BreadcrumbList\",\"@id\":\"https:\/\/zlobek3plock.pl\/?page_id=235#breadcrumb\",\"itemListElement\":[{\"@type\":\"ListItem\",\"position\":1,\"name\":\"Home\",\"item\":\"https:\/\/zlobek3plock.pl\/\"},{\"@type\":\"ListItem\",\"position\":2,\"name\":\"Wyprawka\"}]},{\"@type\":\"WebSite\",\"@id\":\"https:\/\/zlobek3plock.pl\/#website\",\"url\":\"https:\/\/zlobek3plock.pl\/\",\"name\":\"\u017b\u0142obek Miejski nr 3 w P\u0142ocku\",\"description\":\"\",\"potentialAction\":[{\"@type\":\"SearchAction\",\"target\":{\"@type\":\"EntryPoint\",\"urlTemplate\":\"https:\/\/zlobek3plock.pl\/?s={search_term_string}\"},\"query-input\":{\"@type\":\"PropertyValueSpecification\",\"valueRequired\":true,\"valueName\":\"search_term_string\"}}],\"inLanguage\":\"en-US\"}]}<\/script>\n<!-- \/ Yoast SEO plugin. -->","yoast_head_json":{"title":"Wyprawka - \u017b\u0142obek Miejski nr 3 w P\u0142ocku","robots":{"index":"index","follow":"follow","max-snippet":"max-snippet:-1","max-image-preview":"max-image-preview:large","max-video-preview":"max-video-preview:-1"},"canonical":"https:\/\/zlobek3plock.pl\/?page_id=235","og_locale":"en_US","og_type":"article","og_title":"Wyprawka - \u017b\u0142obek Miejski nr 3 w P\u0142ocku","og_description":"ROK SZKOLNY 2025\/2026 Wyprawka dla dzieci na I grup\u0119 Pi\u017cama (dwucz\u0119\u015bciowa) Chusteczki nawil\u017cane\u00a0 &#8211; 2 paczki na miesi\u0105c Chusteczki higieniczne w pude\u0142ku &#8211; 1 paczka na miesi\u0105c Krem piel\u0119gnacyjny podpisany Pampersy (ka\u017cda sztuka podpisana) Ubranka na zmian\u0119 (kilka sztuk) &#8211; WYRA\u0179NIE PODPISANE Kapcie usztywniane (podpisane po zewn\u0119trznej stronie buta) dla dzieci chodz\u0105cych Butelki (nowe, ma\u0142e,&hellip; Continue Reading Wyprawka","og_url":"https:\/\/zlobek3plock.pl\/?page_id=235","og_site_name":"\u017b\u0142obek Miejski nr 3 w P\u0142ocku","article_modified_time":"2025-08-26T05:58:04+00:00","twitter_card":"summary_large_image","twitter_misc":{"Est. reading time":"2 minutes"},"schema":{"@context":"https:\/\/schema.org","@graph":[{"@type":"WebPage","@id":"https:\/\/zlobek3plock.pl\/?page_id=235","url":"https:\/\/zlobek3plock.pl\/?page_id=235","name":"Wyprawka - \u017b\u0142obek Miejski nr 3 w P\u0142ocku","isPartOf":{"@id":"https:\/\/zlobek3plock.pl\/#website"},"datePublished":"2021-04-21T08:37:55+00:00","dateModified":"2025-08-26T05:58:04+00:00","breadcrumb":{"@id":"https:\/\/zlobek3plock.pl\/?page_id=235#breadcrumb"},"inLanguage":"en-US","potentialAction":[{"@type":"ReadAction","target":["https:\/\/zlobek3plock.pl\/?page_id=235"]}]},{"@type":"BreadcrumbList","@id":"https:\/\/zlobek3plock.pl\/?page_id=235#breadcrumb","itemListElement":[{"@type":"ListItem","position":1,"name":"Home","item":"https:\/\/zlobek3plock.pl\/"},{"@type":"ListItem","position":2,"name":"Wyprawka"}]},{"@type":"WebSite","@id":"https:\/\/zlobek3plock.pl\/#website","url":"https:\/\/zlobek3plock.pl\/","name":"\u017b\u0142obek Miejski nr 3 w P\u0142ocku","description":"","potentialAction":[{"@type":"SearchAction","target":{"@type":"EntryPoint","urlTemplate":"https:\/\/zlobek3plock.pl\/?s={search_term_string}"},"query-input":{"@type":"PropertyValueSpecification","valueRequired":true,"valueName":"search_term_string"}}],"inLanguage":"en-US"}]}},"_links":{"self":[{"href":"https:\/\/zlobek3plock.pl\/index.php?rest_route=\/wp\/v2\/pages\/235","targetHints":{"allow":["GET"]}}],"collection":[{"href":"https:\/\/zlobek3plock.pl\/index.php?rest_route=\/wp\/v2\/pages"}],"about":[{"href":"https:\/\/zlobek3plock.pl\/index.php?rest_route=\/wp\/v2\/types\/page"}],"author":[{"embeddable":true,"href":"https:\/\/zlobek3plock.pl\/index.php?rest_route=\/wp\/v2\/users\/1"}],"replies":[{"embeddable":true,"href":"https:\/\/zlobek3plock.pl\/index.php?rest_route=%2Fwp%2Fv2%2Fcomments&post=235"}],"version-history":[{"count":14,"href":"https:\/\/zlobek3plock.pl\/index.php?rest_route=\/wp\/v2\/pages\/235\/revisions"}],"predecessor-version":[{"id":1640,"href":"https:\/\/zlobek3plock.pl\/index.php?rest_route=\/wp\/v2\/pages\/235\/revisions\/1640"}],"wp:attachment":[{"href":"https:\/\/zlobek3plock.pl\/index.php?rest_route=%2Fwp%2Fv2%2Fmedia&parent=235"}],"curies":[{"name":"wp","href":"https:\/\/api.w.org\/{rel}","templated":true}]}}