{"id":1286,"date":"2024-10-22T12:47:49","date_gmt":"2024-10-22T10:47:49","guid":{"rendered":"https:\/\/zlobek3plock.pl\/?page_id=1286"},"modified":"2024-10-23T07:05:58","modified_gmt":"2024-10-23T05:05:58","slug":"oferta","status":"publish","type":"page","link":"https:\/\/zlobek3plock.pl\/?page_id=1286","title":{"rendered":"Oferta"},"content":{"rendered":"\n<p>Oferujemy zaj\u0119cia: <\/p>\n\n\n\n<p>-korekcyjne, <\/p>\n\n\n\n<p>-rytmiczne, <\/p>\n\n\n\n<p>-motoryczne, <\/p>\n\n\n\n<p>-plastyczne, <\/p>\n\n\n\n<p>-muzyczne, <\/p>\n\n\n\n<p>-sensoryczne wplecione w cykl zaj\u0119\u0107 ca\u0142ego dnia. <\/p>\n\n\n\n<p>W zale\u017cno\u015bci od poziomu rozwoju naszych maluch\u00f3w opiekunowie dostosowuj\u0105 plan pracy na dany miesi\u0105c do potrzeb i mo\u017cliwo\u015bci dzieci, tak aby zaj\u0119cia by\u0142y nie tylko dostosowane do rozwoju, ale tak\u017ce by\u0142y atrakcyjne dla naszych maluch\u00f3w. W ciep\u0142ych okresach wiosenno-letnich przy sprzyjaj\u0105cej pogodzie dzieci przebywaj\u0105 na dworze codziennie, dwie \u015brodkowe grupy na swoich placach zabaw, najm\u0142odsza grupa na tarasie. W trakcie roku szkolnego organizowane s\u0105:<\/p>\n\n\n\n<p class=\"has-text-align-right\">&#8211; bale tematyczne,<\/p>\n\n\n\n<p class=\"has-text-align-right\">&#8211; teatrzyki,<\/p>\n\n\n\n<p class=\"has-text-align-right\">&#8211; spotkania tematyczne,<\/p>\n\n\n\n<p class=\"has-text-align-right\">&#8211; spotkania terapeutyczne z psem oraz inne ciekawe zaj\u0119cia.<\/p>\n\n\n\n<p>Dzieci ze specjalnymi potrzebami \u017cywieniowymi s\u0105 pod sta\u0142\u0105 opiek\u0105 dietetyka, kt\u00f3ra r\u00f3wnie\u017c dba o zbilansowany jad\u0142ospis dla dzieci ze wszystkich grup wiekowych. Zr\u00f3\u017cnicowane posi\u0142ki przygotowywane w naszej kuchni, dostarczaj\u0105 codziennie dzieciom wszystkich potrzebnych witamin, minera\u0142\u00f3w oraz warto\u015bci energetycznych.<\/p>\n\n\n\n<p>Nasze maluchy przebywaj\u0105 pod sta\u0142\u0105 opiek\u0105 piel\u0119gniarki, kt\u00f3ra obserwuje rozw\u00f3j dzieci, udziela wskaz\u00f3wek w zakresie piel\u0119gnacji oraz opieki. <\/p>\n\n\n\n<p><\/p>\n","protected":false},"excerpt":{"rendered":"<p>Oferujemy zaj\u0119cia: -korekcyjne, -rytmiczne, -motoryczne, -plastyczne, -muzyczne, -sensoryczne wplecione w cykl zaj\u0119\u0107 ca\u0142ego dnia. W zale\u017cno\u015bci od poziomu rozwoju naszych maluch\u00f3w opiekunowie dostosowuj\u0105 plan pracy na dany miesi\u0105c do potrzeb i mo\u017cliwo\u015bci dzieci, tak aby zaj\u0119cia by\u0142y nie tylko dostosowane do rozwoju, ale tak\u017ce by\u0142y atrakcyjne dla naszych maluch\u00f3w. W ciep\u0142ych okresach wiosenno-letnich przy sprzyjaj\u0105cej&hellip; <a class=\"continue\" href=\"https:\/\/zlobek3plock.pl\/?page_id=1286\">Continue Reading<span> Oferta<\/span><\/a><\/p>\n","protected":false},"author":1,"featured_media":0,"parent":0,"menu_order":0,"comment_status":"closed","ping_status":"closed","template":"","meta":{"footnotes":""},"class_list":["post-1286","page","type-page","status-publish","hentry"],"yoast_head":"<!-- This site is optimized with the Yoast SEO plugin v24.9 - https:\/\/yoast.com\/wordpress\/plugins\/seo\/ -->\n<title>Oferta - \u017b\u0142obek Miejski nr 3 w P\u0142ocku<\/title>\n<meta name=\"robots\" content=\"index, follow, max-snippet:-1, max-image-preview:large, max-video-preview:-1\" \/>\n<link rel=\"canonical\" href=\"https:\/\/zlobek3plock.pl\/?page_id=1286\" \/>\n<meta property=\"og:locale\" content=\"en_US\" \/>\n<meta property=\"og:type\" content=\"article\" \/>\n<meta property=\"og:title\" content=\"Oferta - \u017b\u0142obek Miejski nr 3 w P\u0142ocku\" \/>\n<meta property=\"og:description\" content=\"Oferujemy zaj\u0119cia: -korekcyjne, -rytmiczne, -motoryczne, -plastyczne, -muzyczne, -sensoryczne wplecione w cykl zaj\u0119\u0107 ca\u0142ego dnia. W zale\u017cno\u015bci od poziomu rozwoju naszych maluch\u00f3w opiekunowie dostosowuj\u0105 plan pracy na dany miesi\u0105c do potrzeb i mo\u017cliwo\u015bci dzieci, tak aby zaj\u0119cia by\u0142y nie tylko dostosowane do rozwoju, ale tak\u017ce by\u0142y atrakcyjne dla naszych maluch\u00f3w. W ciep\u0142ych okresach wiosenno-letnich przy sprzyjaj\u0105cej&hellip; Continue Reading Oferta\" \/>\n<meta property=\"og:url\" content=\"https:\/\/zlobek3plock.pl\/?page_id=1286\" \/>\n<meta property=\"og:site_name\" content=\"\u017b\u0142obek Miejski nr 3 w P\u0142ocku\" \/>\n<meta property=\"article:modified_time\" content=\"2024-10-23T05:05:58+00:00\" \/>\n<meta name=\"twitter:card\" content=\"summary_large_image\" \/>\n<meta name=\"twitter:label1\" content=\"Est. reading time\" \/>\n\t<meta name=\"twitter:data1\" content=\"1 minute\" \/>\n<script type=\"application\/ld+json\" class=\"yoast-schema-graph\">{\"@context\":\"https:\/\/schema.org\",\"@graph\":[{\"@type\":\"WebPage\",\"@id\":\"https:\/\/zlobek3plock.pl\/?page_id=1286\",\"url\":\"https:\/\/zlobek3plock.pl\/?page_id=1286\",\"name\":\"Oferta - \u017b\u0142obek Miejski nr 3 w P\u0142ocku\",\"isPartOf\":{\"@id\":\"https:\/\/zlobek3plock.pl\/#website\"},\"datePublished\":\"2024-10-22T10:47:49+00:00\",\"dateModified\":\"2024-10-23T05:05:58+00:00\",\"breadcrumb\":{\"@id\":\"https:\/\/zlobek3plock.pl\/?page_id=1286#breadcrumb\"},\"inLanguage\":\"en-US\",\"potentialAction\":[{\"@type\":\"ReadAction\",\"target\":[\"https:\/\/zlobek3plock.pl\/?page_id=1286\"]}]},{\"@type\":\"BreadcrumbList\",\"@id\":\"https:\/\/zlobek3plock.pl\/?page_id=1286#breadcrumb\",\"itemListElement\":[{\"@type\":\"ListItem\",\"position\":1,\"name\":\"Home\",\"item\":\"https:\/\/zlobek3plock.pl\/\"},{\"@type\":\"ListItem\",\"position\":2,\"name\":\"Oferta\"}]},{\"@type\":\"WebSite\",\"@id\":\"https:\/\/zlobek3plock.pl\/#website\",\"url\":\"https:\/\/zlobek3plock.pl\/\",\"name\":\"\u017b\u0142obek Miejski nr 3 w P\u0142ocku\",\"description\":\"\",\"potentialAction\":[{\"@type\":\"SearchAction\",\"target\":{\"@type\":\"EntryPoint\",\"urlTemplate\":\"https:\/\/zlobek3plock.pl\/?s={search_term_string}\"},\"query-input\":{\"@type\":\"PropertyValueSpecification\",\"valueRequired\":true,\"valueName\":\"search_term_string\"}}],\"inLanguage\":\"en-US\"}]}<\/script>\n<!-- \/ Yoast SEO plugin. -->","yoast_head_json":{"title":"Oferta - \u017b\u0142obek Miejski nr 3 w P\u0142ocku","robots":{"index":"index","follow":"follow","max-snippet":"max-snippet:-1","max-image-preview":"max-image-preview:large","max-video-preview":"max-video-preview:-1"},"canonical":"https:\/\/zlobek3plock.pl\/?page_id=1286","og_locale":"en_US","og_type":"article","og_title":"Oferta - \u017b\u0142obek Miejski nr 3 w P\u0142ocku","og_description":"Oferujemy zaj\u0119cia: -korekcyjne, -rytmiczne, -motoryczne, -plastyczne, -muzyczne, -sensoryczne wplecione w cykl zaj\u0119\u0107 ca\u0142ego dnia. W zale\u017cno\u015bci od poziomu rozwoju naszych maluch\u00f3w opiekunowie dostosowuj\u0105 plan pracy na dany miesi\u0105c do potrzeb i mo\u017cliwo\u015bci dzieci, tak aby zaj\u0119cia by\u0142y nie tylko dostosowane do rozwoju, ale tak\u017ce by\u0142y atrakcyjne dla naszych maluch\u00f3w. W ciep\u0142ych okresach wiosenno-letnich przy sprzyjaj\u0105cej&hellip; Continue Reading Oferta","og_url":"https:\/\/zlobek3plock.pl\/?page_id=1286","og_site_name":"\u017b\u0142obek Miejski nr 3 w P\u0142ocku","article_modified_time":"2024-10-23T05:05:58+00:00","twitter_card":"summary_large_image","twitter_misc":{"Est. reading time":"1 minute"},"schema":{"@context":"https:\/\/schema.org","@graph":[{"@type":"WebPage","@id":"https:\/\/zlobek3plock.pl\/?page_id=1286","url":"https:\/\/zlobek3plock.pl\/?page_id=1286","name":"Oferta - \u017b\u0142obek Miejski nr 3 w P\u0142ocku","isPartOf":{"@id":"https:\/\/zlobek3plock.pl\/#website"},"datePublished":"2024-10-22T10:47:49+00:00","dateModified":"2024-10-23T05:05:58+00:00","breadcrumb":{"@id":"https:\/\/zlobek3plock.pl\/?page_id=1286#breadcrumb"},"inLanguage":"en-US","potentialAction":[{"@type":"ReadAction","target":["https:\/\/zlobek3plock.pl\/?page_id=1286"]}]},{"@type":"BreadcrumbList","@id":"https:\/\/zlobek3plock.pl\/?page_id=1286#breadcrumb","itemListElement":[{"@type":"ListItem","position":1,"name":"Home","item":"https:\/\/zlobek3plock.pl\/"},{"@type":"ListItem","position":2,"name":"Oferta"}]},{"@type":"WebSite","@id":"https:\/\/zlobek3plock.pl\/#website","url":"https:\/\/zlobek3plock.pl\/","name":"\u017b\u0142obek Miejski nr 3 w P\u0142ocku","description":"","potentialAction":[{"@type":"SearchAction","target":{"@type":"EntryPoint","urlTemplate":"https:\/\/zlobek3plock.pl\/?s={search_term_string}"},"query-input":{"@type":"PropertyValueSpecification","valueRequired":true,"valueName":"search_term_string"}}],"inLanguage":"en-US"}]}},"_links":{"self":[{"href":"https:\/\/zlobek3plock.pl\/index.php?rest_route=\/wp\/v2\/pages\/1286","targetHints":{"allow":["GET"]}}],"collection":[{"href":"https:\/\/zlobek3plock.pl\/index.php?rest_route=\/wp\/v2\/pages"}],"about":[{"href":"https:\/\/zlobek3plock.pl\/index.php?rest_route=\/wp\/v2\/types\/page"}],"author":[{"embeddable":true,"href":"https:\/\/zlobek3plock.pl\/index.php?rest_route=\/wp\/v2\/users\/1"}],"replies":[{"embeddable":true,"href":"https:\/\/zlobek3plock.pl\/index.php?rest_route=%2Fwp%2Fv2%2Fcomments&post=1286"}],"version-history":[{"count":3,"href":"https:\/\/zlobek3plock.pl\/index.php?rest_route=\/wp\/v2\/pages\/1286\/revisions"}],"predecessor-version":[{"id":1309,"href":"https:\/\/zlobek3plock.pl\/index.php?rest_route=\/wp\/v2\/pages\/1286\/revisions\/1309"}],"wp:attachment":[{"href":"https:\/\/zlobek3plock.pl\/index.php?rest_route=%2Fwp%2Fv2%2Fmedia&parent=1286"}],"curies":[{"name":"wp","href":"https:\/\/api.w.org\/{rel}","templated":true}]}}