{"id":1254,"date":"2024-10-21T12:48:09","date_gmt":"2024-10-21T10:48:09","guid":{"rendered":"https:\/\/zlobek3plock.pl\/?page_id=1254"},"modified":"2025-10-10T11:15:04","modified_gmt":"2025-10-10T09:15:04","slug":"dla-nowo-przyjetych","status":"publish","type":"page","link":"https:\/\/zlobek3plock.pl\/?page_id=1254","title":{"rendered":"Dla nowo przyj\u0119tych"},"content":{"rendered":"\n<div data-wp-interactive=\"core\/file\" class=\"wp-block-file\"><object data-wp-bind--hidden=\"!state.hasPdfPreview\" hidden class=\"wp-block-file__embed\" data=\"https:\/\/zlobek3plock.pl\/wp-content\/uploads\/2024\/10\/DANE-UZUPELNIAJACE-1-8.pdf\" type=\"application\/pdf\" style=\"width:100%;height:600px\" aria-label=\"Embed of DANE-UZUPELNIAJACE-1-8.\"><\/object><a id=\"wp-block-file--media-3e516fbd-f9c0-4906-a788-67f07f974696\" href=\"https:\/\/zlobek3plock.pl\/wp-content\/uploads\/2024\/10\/DANE-UZUPELNIAJACE-1-8.pdf\">DANE-UZUPELNIAJACE-1-8<\/a><a href=\"https:\/\/zlobek3plock.pl\/wp-content\/uploads\/2024\/10\/DANE-UZUPELNIAJACE-1-8.pdf\" class=\"wp-block-file__button wp-element-button\" download aria-describedby=\"wp-block-file--media-3e516fbd-f9c0-4906-a788-67f07f974696\">Pobierz<\/a><\/div>\n\n\n\n<div data-wp-interactive=\"core\/file\" class=\"wp-block-file\"><object data-wp-bind--hidden=\"!state.hasPdfPreview\" hidden class=\"wp-block-file__embed\" data=\"https:\/\/zlobek3plock.pl\/wp-content\/uploads\/2024\/10\/09.Upowaznienie-do-odbioru-dziecka-ze-zlobka-1-3-10.pdf\" type=\"application\/pdf\" style=\"width:100%;height:600px\" aria-label=\"Embed of 09.Upowaznienie-do-odbioru-dziecka-ze-zlobka-1-3-10.\"><\/object><a id=\"wp-block-file--media-72fe6042-b0ec-42dd-bbfa-e12a34ae9002\" href=\"https:\/\/zlobek3plock.pl\/wp-content\/uploads\/2024\/10\/09.Upowaznienie-do-odbioru-dziecka-ze-zlobka-1-3-10.pdf\">09.Upowaznienie-do-odbioru-dziecka-ze-zlobka-1-3-10<\/a><a href=\"https:\/\/zlobek3plock.pl\/wp-content\/uploads\/2024\/10\/09.Upowaznienie-do-odbioru-dziecka-ze-zlobka-1-3-10.pdf\" class=\"wp-block-file__button wp-element-button\" download aria-describedby=\"wp-block-file--media-72fe6042-b0ec-42dd-bbfa-e12a34ae9002\">Pobierz<\/a><\/div>\n\n\n\n<div data-wp-interactive=\"core\/file\" class=\"wp-block-file\"><object data-wp-bind--hidden=\"!state.hasPdfPreview\" hidden class=\"wp-block-file__embed\" data=\"https:\/\/zlobek3plock.pl\/wp-content\/uploads\/2025\/10\/Zgoda-na-rozpowszechnianie-wizerunku-dziecka.pdf\" type=\"application\/pdf\" style=\"width:100%;height:600px\" aria-label=\"Embed of Zgoda na rozpowszechnianie wizerunku dziecka.\"><\/object><a id=\"wp-block-file--media-0ec36123-9aae-45fd-9fdb-5102ffd55b71\" href=\"https:\/\/zlobek3plock.pl\/wp-content\/uploads\/2025\/10\/Zgoda-na-rozpowszechnianie-wizerunku-dziecka.pdf\">Zgoda na rozpowszechnianie wizerunku dziecka<\/a><a href=\"https:\/\/zlobek3plock.pl\/wp-content\/uploads\/2025\/10\/Zgoda-na-rozpowszechnianie-wizerunku-dziecka.pdf\" class=\"wp-block-file__button wp-element-button\" download aria-describedby=\"wp-block-file--media-0ec36123-9aae-45fd-9fdb-5102ffd55b71\">Pobierz<\/a><\/div>\n\n\n\n<div data-wp-interactive=\"core\/file\" class=\"wp-block-file\"><object data-wp-bind--hidden=\"!state.hasPdfPreview\" hidden class=\"wp-block-file__embed\" data=\"https:\/\/zlobek3plock.pl\/wp-content\/uploads\/2024\/10\/Zgoda-rodzica-na-pomiar-temperatury-ciala-dziecka-w-zlobku-1-22.pdf\" type=\"application\/pdf\" style=\"width:100%;height:600px\" aria-label=\"Embed of Zgoda-rodzica-na-pomiar-temperatury-ciala-dziecka-w-zlobku-1-22.\"><\/object><a id=\"wp-block-file--media-8447a26e-636b-4fa8-b1d0-64df6ccda18f\" href=\"https:\/\/zlobek3plock.pl\/wp-content\/uploads\/2024\/10\/Zgoda-rodzica-na-pomiar-temperatury-ciala-dziecka-w-zlobku-1-22.pdf\">Zgoda-rodzica-na-pomiar-temperatury-ciala-dziecka-w-zlobku-1-22<\/a><a href=\"https:\/\/zlobek3plock.pl\/wp-content\/uploads\/2024\/10\/Zgoda-rodzica-na-pomiar-temperatury-ciala-dziecka-w-zlobku-1-22.pdf\" class=\"wp-block-file__button wp-element-button\" download aria-describedby=\"wp-block-file--media-8447a26e-636b-4fa8-b1d0-64df6ccda18f\">Pobierz<\/a><\/div>\n\n\n<h3 style=\"text-align: center;\"><strong>O\u015bwiadczenie poni\u017cej do uzupe\u0142nienia w przypadku z\u0142o\u017cenia wniosku &#8220;Aktywnie w \u017c\u0142obku&#8221;, w celu obni\u017cenia op\u0142aty w \u017c\u0142obku za pobyt o kwot\u0119 przyznanego dofinansowania.<\/strong><\/h3>\n\n\n<div data-wp-interactive=\"core\/file\" class=\"wp-block-file\"><object data-wp-bind--hidden=\"!state.hasPdfPreview\" hidden class=\"wp-block-file__embed\" data=\"https:\/\/zlobek3plock.pl\/wp-content\/uploads\/2024\/11\/Zalacznikoswiadczenie.pdf\" type=\"application\/pdf\" style=\"width:100%;height:600px\" aria-label=\"Embed of Za\u0142\u0105czniko\u015bwiadczenie.\"><\/object><a id=\"wp-block-file--media-db426c4c-0141-45eb-a01e-5db688c2c528\" href=\"https:\/\/zlobek3plock.pl\/wp-content\/uploads\/2024\/11\/Zalacznikoswiadczenie.pdf\">Za\u0142\u0105czniko\u015bwiadczenie<\/a><a href=\"https:\/\/zlobek3plock.pl\/wp-content\/uploads\/2024\/11\/Zalacznikoswiadczenie.pdf\" class=\"wp-block-file__button wp-element-button\" download aria-describedby=\"wp-block-file--media-db426c4c-0141-45eb-a01e-5db688c2c528\">Pobierz<\/a><\/div>\n","protected":false},"excerpt":{"rendered":"<p>O\u015bwiadczenie poni\u017cej do uzupe\u0142nienia w przypadku z\u0142o\u017cenia wniosku &#8220;Aktywnie w \u017c\u0142obku&#8221;, w celu obni\u017cenia op\u0142aty w \u017c\u0142obku za pobyt o kwot\u0119 przyznanego dofinansowania.<\/p>\n","protected":false},"author":1,"featured_media":0,"parent":0,"menu_order":0,"comment_status":"closed","ping_status":"closed","template":"","meta":{"footnotes":""},"class_list":["post-1254","page","type-page","status-publish","hentry"],"yoast_head":"<!-- This site is optimized with the Yoast SEO plugin v24.9 - https:\/\/yoast.com\/wordpress\/plugins\/seo\/ -->\n<title>Dla nowo przyj\u0119tych - \u017b\u0142obek Miejski nr 3 w P\u0142ocku<\/title>\n<meta name=\"robots\" content=\"index, follow, max-snippet:-1, max-image-preview:large, max-video-preview:-1\" \/>\n<link rel=\"canonical\" href=\"https:\/\/zlobek3plock.pl\/?page_id=1254\" \/>\n<meta property=\"og:locale\" content=\"en_US\" \/>\n<meta property=\"og:type\" content=\"article\" \/>\n<meta property=\"og:title\" content=\"Dla nowo przyj\u0119tych - \u017b\u0142obek Miejski nr 3 w P\u0142ocku\" \/>\n<meta property=\"og:description\" content=\"O\u015bwiadczenie poni\u017cej do uzupe\u0142nienia w przypadku z\u0142o\u017cenia wniosku &#8220;Aktywnie w \u017c\u0142obku&#8221;, w celu obni\u017cenia op\u0142aty w \u017c\u0142obku za pobyt o kwot\u0119 przyznanego dofinansowania.\" \/>\n<meta property=\"og:url\" content=\"https:\/\/zlobek3plock.pl\/?page_id=1254\" \/>\n<meta property=\"og:site_name\" content=\"\u017b\u0142obek Miejski nr 3 w P\u0142ocku\" \/>\n<meta property=\"article:modified_time\" content=\"2025-10-10T09:15:04+00:00\" \/>\n<meta name=\"twitter:card\" content=\"summary_large_image\" \/>\n<meta name=\"twitter:label1\" content=\"Est. reading time\" \/>\n\t<meta name=\"twitter:data1\" content=\"1 minute\" \/>\n<script type=\"application\/ld+json\" class=\"yoast-schema-graph\">{\"@context\":\"https:\/\/schema.org\",\"@graph\":[{\"@type\":\"WebPage\",\"@id\":\"https:\/\/zlobek3plock.pl\/?page_id=1254\",\"url\":\"https:\/\/zlobek3plock.pl\/?page_id=1254\",\"name\":\"Dla nowo przyj\u0119tych - \u017b\u0142obek Miejski nr 3 w P\u0142ocku\",\"isPartOf\":{\"@id\":\"https:\/\/zlobek3plock.pl\/#website\"},\"datePublished\":\"2024-10-21T10:48:09+00:00\",\"dateModified\":\"2025-10-10T09:15:04+00:00\",\"breadcrumb\":{\"@id\":\"https:\/\/zlobek3plock.pl\/?page_id=1254#breadcrumb\"},\"inLanguage\":\"en-US\",\"potentialAction\":[{\"@type\":\"ReadAction\",\"target\":[\"https:\/\/zlobek3plock.pl\/?page_id=1254\"]}]},{\"@type\":\"BreadcrumbList\",\"@id\":\"https:\/\/zlobek3plock.pl\/?page_id=1254#breadcrumb\",\"itemListElement\":[{\"@type\":\"ListItem\",\"position\":1,\"name\":\"Home\",\"item\":\"https:\/\/zlobek3plock.pl\/\"},{\"@type\":\"ListItem\",\"position\":2,\"name\":\"Dla nowo przyj\u0119tych\"}]},{\"@type\":\"WebSite\",\"@id\":\"https:\/\/zlobek3plock.pl\/#website\",\"url\":\"https:\/\/zlobek3plock.pl\/\",\"name\":\"\u017b\u0142obek Miejski nr 3 w P\u0142ocku\",\"description\":\"\",\"potentialAction\":[{\"@type\":\"SearchAction\",\"target\":{\"@type\":\"EntryPoint\",\"urlTemplate\":\"https:\/\/zlobek3plock.pl\/?s={search_term_string}\"},\"query-input\":{\"@type\":\"PropertyValueSpecification\",\"valueRequired\":true,\"valueName\":\"search_term_string\"}}],\"inLanguage\":\"en-US\"}]}<\/script>\n<!-- \/ Yoast SEO plugin. -->","yoast_head_json":{"title":"Dla nowo przyj\u0119tych - \u017b\u0142obek Miejski nr 3 w P\u0142ocku","robots":{"index":"index","follow":"follow","max-snippet":"max-snippet:-1","max-image-preview":"max-image-preview:large","max-video-preview":"max-video-preview:-1"},"canonical":"https:\/\/zlobek3plock.pl\/?page_id=1254","og_locale":"en_US","og_type":"article","og_title":"Dla nowo przyj\u0119tych - \u017b\u0142obek Miejski nr 3 w P\u0142ocku","og_description":"O\u015bwiadczenie poni\u017cej do uzupe\u0142nienia w przypadku z\u0142o\u017cenia wniosku &#8220;Aktywnie w \u017c\u0142obku&#8221;, w celu obni\u017cenia op\u0142aty w \u017c\u0142obku za pobyt o kwot\u0119 przyznanego dofinansowania.","og_url":"https:\/\/zlobek3plock.pl\/?page_id=1254","og_site_name":"\u017b\u0142obek Miejski nr 3 w P\u0142ocku","article_modified_time":"2025-10-10T09:15:04+00:00","twitter_card":"summary_large_image","twitter_misc":{"Est. reading time":"1 minute"},"schema":{"@context":"https:\/\/schema.org","@graph":[{"@type":"WebPage","@id":"https:\/\/zlobek3plock.pl\/?page_id=1254","url":"https:\/\/zlobek3plock.pl\/?page_id=1254","name":"Dla nowo przyj\u0119tych - \u017b\u0142obek Miejski nr 3 w P\u0142ocku","isPartOf":{"@id":"https:\/\/zlobek3plock.pl\/#website"},"datePublished":"2024-10-21T10:48:09+00:00","dateModified":"2025-10-10T09:15:04+00:00","breadcrumb":{"@id":"https:\/\/zlobek3plock.pl\/?page_id=1254#breadcrumb"},"inLanguage":"en-US","potentialAction":[{"@type":"ReadAction","target":["https:\/\/zlobek3plock.pl\/?page_id=1254"]}]},{"@type":"BreadcrumbList","@id":"https:\/\/zlobek3plock.pl\/?page_id=1254#breadcrumb","itemListElement":[{"@type":"ListItem","position":1,"name":"Home","item":"https:\/\/zlobek3plock.pl\/"},{"@type":"ListItem","position":2,"name":"Dla nowo przyj\u0119tych"}]},{"@type":"WebSite","@id":"https:\/\/zlobek3plock.pl\/#website","url":"https:\/\/zlobek3plock.pl\/","name":"\u017b\u0142obek Miejski nr 3 w P\u0142ocku","description":"","potentialAction":[{"@type":"SearchAction","target":{"@type":"EntryPoint","urlTemplate":"https:\/\/zlobek3plock.pl\/?s={search_term_string}"},"query-input":{"@type":"PropertyValueSpecification","valueRequired":true,"valueName":"search_term_string"}}],"inLanguage":"en-US"}]}},"_links":{"self":[{"href":"https:\/\/zlobek3plock.pl\/index.php?rest_route=\/wp\/v2\/pages\/1254","targetHints":{"allow":["GET"]}}],"collection":[{"href":"https:\/\/zlobek3plock.pl\/index.php?rest_route=\/wp\/v2\/pages"}],"about":[{"href":"https:\/\/zlobek3plock.pl\/index.php?rest_route=\/wp\/v2\/types\/page"}],"author":[{"embeddable":true,"href":"https:\/\/zlobek3plock.pl\/index.php?rest_route=\/wp\/v2\/users\/1"}],"replies":[{"embeddable":true,"href":"https:\/\/zlobek3plock.pl\/index.php?rest_route=%2Fwp%2Fv2%2Fcomments&post=1254"}],"version-history":[{"count":4,"href":"https:\/\/zlobek3plock.pl\/index.php?rest_route=\/wp\/v2\/pages\/1254\/revisions"}],"predecessor-version":[{"id":1687,"href":"https:\/\/zlobek3plock.pl\/index.php?rest_route=\/wp\/v2\/pages\/1254\/revisions\/1687"}],"wp:attachment":[{"href":"https:\/\/zlobek3plock.pl\/index.php?rest_route=%2Fwp%2Fv2%2Fmedia&parent=1254"}],"curies":[{"name":"wp","href":"https:\/\/api.w.org\/{rel}","templated":true}]}}