{"id":122,"date":"2021-03-23T10:19:49","date_gmt":"2021-03-23T09:19:49","guid":{"rendered":"http:\/\/zlobek3plock.pl\/?page_id=122"},"modified":"2026-04-30T11:34:48","modified_gmt":"2026-04-30T09:34:48","slug":"godziny-pracy-psychologa","status":"publish","type":"page","link":"https:\/\/zlobek3plock.pl\/?page_id=122","title":{"rendered":"Godziny pracy pedagoga specjalnego"},"content":{"rendered":"\n<p><strong>DNI I GODZINY PRACY PEDAGOGA SPECJALNEGO W MIESI\u0104CU MAJ 2026:<\/strong><\/p>\n\n\n\n<p>-> CODZIENNIE W GODZINACH 7:00-8:30 <\/p>\n\n\n\n<p>-&gt; DODATKOWO:<\/p>\n\n\n\n<ul class=\"wp-block-list\">\n<li><strong>06.05.2026 &#8211; 13:30- 16:00<\/strong><\/li>\n\n\n\n<li><strong>13.05.2026 &#8211; 13:30- 16:00<\/strong><\/li>\n\n\n\n<li><strong>20.05.2026 &#8211; 13:30- 16:00<\/strong><\/li>\n\n\n\n<li><strong>21.05.2026 &#8211; 13:30- 16:00<\/strong><\/li>\n\n\n\n<li><strong>25.05.2026 &#8211; 13:30- 16:00<\/strong><\/li>\n\n\n\n<li><strong>26.05.2026 &#8211; 13:30- 15:30<\/strong><\/li>\n<\/ul>\n","protected":false},"excerpt":{"rendered":"<p>DNI I GODZINY PRACY PEDAGOGA SPECJALNEGO W MIESI\u0104CU MAJ 2026: -> CODZIENNIE W GODZINACH 7:00-8:30 -&gt; DODATKOWO:<\/p>\n","protected":false},"author":1,"featured_media":0,"parent":0,"menu_order":0,"comment_status":"closed","ping_status":"closed","template":"","meta":{"footnotes":""},"class_list":["post-122","page","type-page","status-publish","hentry"],"yoast_head":"<!-- This site is optimized with the Yoast SEO plugin v24.9 - https:\/\/yoast.com\/wordpress\/plugins\/seo\/ -->\n<title>Godziny pracy pedagoga specjalnego - \u017b\u0142obek Miejski nr 3 w P\u0142ocku<\/title>\n<meta name=\"robots\" content=\"index, follow, max-snippet:-1, max-image-preview:large, max-video-preview:-1\" \/>\n<link rel=\"canonical\" href=\"https:\/\/zlobek3plock.pl\/?page_id=122\" \/>\n<meta property=\"og:locale\" content=\"en_US\" \/>\n<meta property=\"og:type\" content=\"article\" \/>\n<meta property=\"og:title\" content=\"Godziny pracy pedagoga specjalnego - \u017b\u0142obek Miejski nr 3 w P\u0142ocku\" \/>\n<meta property=\"og:description\" content=\"DNI I GODZINY PRACY PEDAGOGA SPECJALNEGO W MIESI\u0104CU MAJ 2026: -&gt; CODZIENNIE W GODZINACH 7:00-8:30 -&gt; DODATKOWO:\" \/>\n<meta property=\"og:url\" content=\"https:\/\/zlobek3plock.pl\/?page_id=122\" \/>\n<meta property=\"og:site_name\" content=\"\u017b\u0142obek Miejski nr 3 w P\u0142ocku\" \/>\n<meta property=\"article:modified_time\" content=\"2026-04-30T09:34:48+00:00\" \/>\n<meta name=\"twitter:card\" content=\"summary_large_image\" \/>\n<meta name=\"twitter:label1\" content=\"Est. reading time\" \/>\n\t<meta name=\"twitter:data1\" content=\"1 minute\" \/>\n<script type=\"application\/ld+json\" class=\"yoast-schema-graph\">{\"@context\":\"https:\/\/schema.org\",\"@graph\":[{\"@type\":\"WebPage\",\"@id\":\"https:\/\/zlobek3plock.pl\/?page_id=122\",\"url\":\"https:\/\/zlobek3plock.pl\/?page_id=122\",\"name\":\"Godziny pracy pedagoga specjalnego - \u017b\u0142obek Miejski nr 3 w P\u0142ocku\",\"isPartOf\":{\"@id\":\"https:\/\/zlobek3plock.pl\/#website\"},\"datePublished\":\"2021-03-23T09:19:49+00:00\",\"dateModified\":\"2026-04-30T09:34:48+00:00\",\"breadcrumb\":{\"@id\":\"https:\/\/zlobek3plock.pl\/?page_id=122#breadcrumb\"},\"inLanguage\":\"en-US\",\"potentialAction\":[{\"@type\":\"ReadAction\",\"target\":[\"https:\/\/zlobek3plock.pl\/?page_id=122\"]}]},{\"@type\":\"BreadcrumbList\",\"@id\":\"https:\/\/zlobek3plock.pl\/?page_id=122#breadcrumb\",\"itemListElement\":[{\"@type\":\"ListItem\",\"position\":1,\"name\":\"Home\",\"item\":\"https:\/\/zlobek3plock.pl\/\"},{\"@type\":\"ListItem\",\"position\":2,\"name\":\"Godziny pracy pedagoga specjalnego\"}]},{\"@type\":\"WebSite\",\"@id\":\"https:\/\/zlobek3plock.pl\/#website\",\"url\":\"https:\/\/zlobek3plock.pl\/\",\"name\":\"\u017b\u0142obek Miejski nr 3 w P\u0142ocku\",\"description\":\"\",\"potentialAction\":[{\"@type\":\"SearchAction\",\"target\":{\"@type\":\"EntryPoint\",\"urlTemplate\":\"https:\/\/zlobek3plock.pl\/?s={search_term_string}\"},\"query-input\":{\"@type\":\"PropertyValueSpecification\",\"valueRequired\":true,\"valueName\":\"search_term_string\"}}],\"inLanguage\":\"en-US\"}]}<\/script>\n<!-- \/ Yoast SEO plugin. -->","yoast_head_json":{"title":"Godziny pracy pedagoga specjalnego - \u017b\u0142obek Miejski nr 3 w P\u0142ocku","robots":{"index":"index","follow":"follow","max-snippet":"max-snippet:-1","max-image-preview":"max-image-preview:large","max-video-preview":"max-video-preview:-1"},"canonical":"https:\/\/zlobek3plock.pl\/?page_id=122","og_locale":"en_US","og_type":"article","og_title":"Godziny pracy pedagoga specjalnego - \u017b\u0142obek Miejski nr 3 w P\u0142ocku","og_description":"DNI I GODZINY PRACY PEDAGOGA SPECJALNEGO W MIESI\u0104CU MAJ 2026: -> CODZIENNIE W GODZINACH 7:00-8:30 -&gt; DODATKOWO:","og_url":"https:\/\/zlobek3plock.pl\/?page_id=122","og_site_name":"\u017b\u0142obek Miejski nr 3 w P\u0142ocku","article_modified_time":"2026-04-30T09:34:48+00:00","twitter_card":"summary_large_image","twitter_misc":{"Est. reading time":"1 minute"},"schema":{"@context":"https:\/\/schema.org","@graph":[{"@type":"WebPage","@id":"https:\/\/zlobek3plock.pl\/?page_id=122","url":"https:\/\/zlobek3plock.pl\/?page_id=122","name":"Godziny pracy pedagoga specjalnego - \u017b\u0142obek Miejski nr 3 w P\u0142ocku","isPartOf":{"@id":"https:\/\/zlobek3plock.pl\/#website"},"datePublished":"2021-03-23T09:19:49+00:00","dateModified":"2026-04-30T09:34:48+00:00","breadcrumb":{"@id":"https:\/\/zlobek3plock.pl\/?page_id=122#breadcrumb"},"inLanguage":"en-US","potentialAction":[{"@type":"ReadAction","target":["https:\/\/zlobek3plock.pl\/?page_id=122"]}]},{"@type":"BreadcrumbList","@id":"https:\/\/zlobek3plock.pl\/?page_id=122#breadcrumb","itemListElement":[{"@type":"ListItem","position":1,"name":"Home","item":"https:\/\/zlobek3plock.pl\/"},{"@type":"ListItem","position":2,"name":"Godziny pracy pedagoga specjalnego"}]},{"@type":"WebSite","@id":"https:\/\/zlobek3plock.pl\/#website","url":"https:\/\/zlobek3plock.pl\/","name":"\u017b\u0142obek Miejski nr 3 w P\u0142ocku","description":"","potentialAction":[{"@type":"SearchAction","target":{"@type":"EntryPoint","urlTemplate":"https:\/\/zlobek3plock.pl\/?s={search_term_string}"},"query-input":{"@type":"PropertyValueSpecification","valueRequired":true,"valueName":"search_term_string"}}],"inLanguage":"en-US"}]}},"_links":{"self":[{"href":"https:\/\/zlobek3plock.pl\/index.php?rest_route=\/wp\/v2\/pages\/122","targetHints":{"allow":["GET"]}}],"collection":[{"href":"https:\/\/zlobek3plock.pl\/index.php?rest_route=\/wp\/v2\/pages"}],"about":[{"href":"https:\/\/zlobek3plock.pl\/index.php?rest_route=\/wp\/v2\/types\/page"}],"author":[{"embeddable":true,"href":"https:\/\/zlobek3plock.pl\/index.php?rest_route=\/wp\/v2\/users\/1"}],"replies":[{"embeddable":true,"href":"https:\/\/zlobek3plock.pl\/index.php?rest_route=%2Fwp%2Fv2%2Fcomments&post=122"}],"version-history":[{"count":23,"href":"https:\/\/zlobek3plock.pl\/index.php?rest_route=\/wp\/v2\/pages\/122\/revisions"}],"predecessor-version":[{"id":1872,"href":"https:\/\/zlobek3plock.pl\/index.php?rest_route=\/wp\/v2\/pages\/122\/revisions\/1872"}],"wp:attachment":[{"href":"https:\/\/zlobek3plock.pl\/index.php?rest_route=%2Fwp%2Fv2%2Fmedia&parent=122"}],"curies":[{"name":"wp","href":"https:\/\/api.w.org\/{rel}","templated":true}]}}